{"id":11,"date":"2023-09-12T07:14:26","date_gmt":"2023-09-12T05:14:26","guid":{"rendered":"http:\/\/clapat-themes.com\/wordpress\/manifesto\/?page_id=11"},"modified":"2023-11-08T22:02:51","modified_gmt":"2023-11-08T21:02:51","slug":"kapcsolat","status":"publish","type":"page","link":"https:\/\/darksidemedia.hu\/en\/kapcsolat\/","title":{"rendered":"Kapcsolat"},"content":{"rendered":"<div class=\"wp-block-manifesto-gutenberg-container content-row dark-section small row_padding_top row_padding_bottom\" data-bgcolor=\"#0c0c0c\" style=\"text-align:left\">\n<div class=\"wpcf7 no-js\" id=\"wpcf7-f7-o1\" lang=\"en-US\" dir=\"ltr\" data-wpcf7-id=\"7\">\n<div class=\"screen-reader-response\"><p role=\"status\" aria-live=\"polite\" aria-atomic=\"true\"><\/p> <ul><\/ul><\/div>\n<form action=\"\/en\/wp-json\/wp\/v2\/pages\/11#wpcf7-f7-o1\" method=\"post\" class=\"wpcf7-form init\" aria-label=\"Contact form\" novalidate=\"novalidate\" data-status=\"init\" data-trp-original-action=\"\/en\/wp-json\/wp\/v2\/pages\/11#wpcf7-f7-o1\">\n<fieldset class=\"hidden-fields-container\"><input type=\"hidden\" name=\"_wpcf7\" value=\"7\" \/><input type=\"hidden\" name=\"_wpcf7_version\" value=\"6.1.4\" \/><input type=\"hidden\" name=\"_wpcf7_locale\" value=\"en_US\" \/><input type=\"hidden\" name=\"_wpcf7_unit_tag\" value=\"wpcf7-f7-o1\" \/><input type=\"hidden\" name=\"_wpcf7_container_post\" value=\"0\" \/><input type=\"hidden\" name=\"_wpcf7_posted_data_hash\" value=\"\" \/><input type=\"hidden\" name=\"_wpcf7_recaptcha_response\" value=\"\" \/>\n<\/fieldset>\n<div id=\"contact-formular\" class=\"text-align-center\">\n\t<div class=\"name-box has-animation\">\n\t\t<p><span class=\"wpcf7-form-control-wrap\" data-name=\"your-name\"><input size=\"40\" maxlength=\"400\" class=\"wpcf7-form-control wpcf7-text wpcf7-validates-as-required\" aria-required=\"true\" aria-invalid=\"false\" placeholder=\"N\u00e9v\" value=\"\" type=\"text\" name=\"your-name\" \/><\/span>\n\t\t<\/p>\n\t<\/div>\n\t<div class=\"name-box has-animation\">\n\t\t<p><span class=\"wpcf7-form-control-wrap\" data-name=\"telefon\"><input size=\"40\" maxlength=\"400\" class=\"wpcf7-form-control wpcf7-tel wpcf7-validates-as-required wpcf7-text wpcf7-validates-as-tel\" aria-required=\"true\" aria-invalid=\"false\" placeholder=\"Telefonsz\u00e1m\" value=\"\" type=\"tel\" name=\"telefon\" \/><\/span>\n\t\t<\/p>\n\t<\/div>\n\t<div class=\"name-box has-animation\">\n\t\t<p><span class=\"wpcf7-form-control-wrap\" data-name=\"your-name\"><input size=\"40\" maxlength=\"400\" class=\"wpcf7-form-control wpcf7-text wpcf7-validates-as-required\" aria-required=\"true\" aria-invalid=\"false\" placeholder=\"C\u00e9gn\u00e9v\" value=\"\" type=\"text\" name=\"your-name\" \/><\/span>\n\t\t<\/p>\n\t<\/div>\n\t<div class=\"email-box has-animation\">\n\t\t<p><span class=\"wpcf7-form-control-wrap\" data-name=\"your-email\"><input size=\"40\" maxlength=\"400\" class=\"wpcf7-form-control wpcf7-email wpcf7-validates-as-required wpcf7-text wpcf7-validates-as-email\" aria-required=\"true\" aria-invalid=\"false\" placeholder=\"E-mail\" value=\"\" type=\"email\" name=\"your-email\" \/><\/span>\n\t\t<\/p>\n\t<\/div>\n\t<div class=\"message-box has-animation\">\n\t\t<p><span class=\"wpcf7-form-control-wrap\" data-name=\"your-message\"><textarea cols=\"40\" rows=\"10\" maxlength=\"2000\" class=\"wpcf7-form-control wpcf7-textarea wpcf7-validates-as-required\" aria-required=\"true\" aria-invalid=\"false\" placeholder=\"\u00cdrd le r\u00f6viden, mit szeretn\u00e9l el\u00e9rni!\" name=\"your-message\"><\/textarea><\/span>\n\t\t<\/p>\n\t<\/div>\n\t<div class=\"button-box has-animation\" data-delay=\"100\">\n\t\t<div class=\"clapat-button-wrap parallax-wrap hide-ball\">\n\t\t\t<div class=\"clapat-button parallax-element\">\n\t\t\t\t<div class=\"button-border rounded outline parallax-element-second\">\n\t\t\t\t\t<p><input class=\"wpcf7-form-control wpcf7-submit has-spinner\" type=\"submit\" value=\"\u00dczenet k\u00fcld\u00e9se\" \/>\n\t\t\t\t\t<\/p>\n\t\t\t\t<\/div>\n\t\t\t<\/div>\n\t\t<\/div>\n\t<\/div>\n<\/div><p style=\"display: none !important;\" class=\"akismet-fields-container\" data-prefix=\"_wpcf7_ak_\"><label>&#916;<textarea name=\"_wpcf7_ak_hp_textarea\" cols=\"45\" rows=\"8\" maxlength=\"100\"><\/textarea><\/label><input type=\"hidden\" id=\"ak_js_1\" name=\"_wpcf7_ak_js\" value=\"197\"\/><script>document.getElementById( \"ak_js_1\" ).setAttribute( \"value\", ( new Date() ).getTime() );<\/script><\/p><div class=\"wpcf7-response-output\" aria-hidden=\"true\"><\/div>\n<input type=\"hidden\" name=\"trp-form-language\" value=\"en\"\/><\/form>\n<\/div>\n\n<\/div>\n\n\n\n<div class=\"wp-block-manifesto-gutenberg-container content-row dark-section small row_padding_bottom change-header-color has-clip-path\" data-bgcolor=\"#0c0c0c\" style=\"text-align:left\">\n<div class=\"wp-block-columns pinned-section is-layout-flex wp-container-core-columns-is-layout-9d6595d7 wp-block-columns-is-layout-flex\">\n<div class=\"wp-block-column pinned-element left is-layout-flow wp-block-column-is-layout-flow\">\n<h5 class=\"wp-block-heading has-white-color has-text-color\" id=\"h-amennyiben-kerdesed-van-keress-minket-batran\">Amennyiben k\u00e9rd\u00e9sed van, keress minket b\u00e1tran!<\/h5>\n<\/div>\n\n\n\n<div class=\"wp-block-column scrolling-element right is-layout-flow wp-block-column-is-layout-flow\">\n<div style=\"height:50px\" aria-hidden=\"true\" class=\"wp-block-spacer\"><\/div>\n\n\n\n<p class=\"has-white-color has-text-color has-medium-font-size\">El\u00e9rhet\u0151s\u00e9geink:<\/p>\n\n\n\n<p class=\"has-cyan-bluish-gray-color has-text-color\"><a class=\"link\" target=\"_blank\" href=\"mailto:media@darksidemedia.hu\" rel=\"noopener\"><i>media@darksidemedia.hu<\/i><\/a><\/p>\n\n\n\n<p class=\"has-cyan-bluish-gray-color has-text-color\"><a class=\"link\" target=\"_blank\" href=\"tel:+36304100298\" rel=\"noopener\"><i>+36 30 4100 298<\/i><\/a><\/p>\n\n\n\n<div style=\"height:50px\" aria-hidden=\"true\" class=\"wp-block-spacer\"><\/div>\n\n\n\n<p class=\"has-white-color has-text-color has-medium-font-size\">K\u00f6z\u00f6ss\u00e9gi oldalaink:<\/p>\n\n\n\n<p class=\"has-cyan-bluish-gray-color has-text-color\"><a class=\"link\" target=\"_blank\" href=\"https:\/\/www.facebook.com\/darksidevagmedia\" rel=\"noopener\"><i>Facebook<\/i><\/a><\/p>\n\n\n\n<p class=\"has-cyan-bluish-gray-color has-text-color\"><a class=\"link\" target=\"_blank\" href=\"https:\/\/www.instagram.com\/darksidemedia_\/\" rel=\"noopener\"><i>Instagram<\/i><\/a><\/p>\n\n\n\n<div style=\"height:50px\" aria-hidden=\"true\" class=\"wp-block-spacer\"><\/div>\n\n\n\n<p class=\"has-white-color has-text-color\">H\u00edvj minket b\u00e1rmikor!<\/p>\n<\/div>\n<\/div>\n<\/div>\n\n\n\n<div class=\"wp-block-manifesto-gutenberg-container content-row dark-section full\" data-bgcolor=\"#0c0c0c\" style=\"text-align:left\">\n<h2 class=\"wp-block-heading has-text-align-center\" id=\"h-36-30-4100-298\"><a href=\"tel:+36 304100298\">+36 30 4100 298<\/a><\/h2>\n<\/div>","protected":false},"excerpt":{"rendered":"","protected":false},"author":1,"featured_media":0,"parent":0,"menu_order":0,"comment_status":"closed","ping_status":"closed","template":"","meta":{"_monsterinsights_skip_tracking":false,"_monsterinsights_sitenote_active":false,"_monsterinsights_sitenote_note":"","_monsterinsights_sitenote_category":0,"_uf_show_specific_survey":0,"_uf_disable_surveys":false,"footnotes":""},"class_list":["post-11","page","type-page","status-publish","hentry"],"yoast_head":"<!-- This site is optimized with the Yoast SEO Premium plugin v26.8 (Yoast SEO v26.8) - https:\/\/yoast.com\/product\/yoast-seo-premium-wordpress\/ -->\n<title>Kapcsolat - darkside media<\/title>\n<meta name=\"robots\" content=\"index, follow, max-snippet:-1, max-image-preview:large, max-video-preview:-1\" \/>\n<link rel=\"canonical\" href=\"https:\/\/darksidemedia.hu\/en\/kapcsolat\/\" \/>\n<meta property=\"og:locale\" content=\"en_US\" \/>\n<meta property=\"og:type\" content=\"article\" \/>\n<meta property=\"og:title\" content=\"Kapcsolat\" \/>\n<meta property=\"og:url\" content=\"https:\/\/darksidemedia.hu\/en\/kapcsolat\/\" \/>\n<meta property=\"og:site_name\" content=\"darkside media\" \/>\n<meta property=\"article:modified_time\" content=\"2023-11-08T21:02:51+00:00\" \/>\n<meta name=\"twitter:card\" content=\"summary_large_image\" \/>\n<meta name=\"twitter:label1\" content=\"Est. reading time\" \/>\n\t<meta name=\"twitter:data1\" content=\"1 minute\" \/>\n<script type=\"application\/ld+json\" class=\"yoast-schema-graph\">{\"@context\":\"https:\/\/schema.org\",\"@graph\":[{\"@type\":\"WebPage\",\"@id\":\"https:\/\/darksidemedia.hu\/kapcsolat\/\",\"url\":\"https:\/\/darksidemedia.hu\/kapcsolat\/\",\"name\":\"Kapcsolat - darkside media\",\"isPartOf\":{\"@id\":\"https:\/\/darksidemedia.hu\/#website\"},\"datePublished\":\"2023-09-12T05:14:26+00:00\",\"dateModified\":\"2023-11-08T21:02:51+00:00\",\"breadcrumb\":{\"@id\":\"https:\/\/darksidemedia.hu\/kapcsolat\/#breadcrumb\"},\"inLanguage\":\"en-US\",\"potentialAction\":[{\"@type\":\"ReadAction\",\"target\":[\"https:\/\/darksidemedia.hu\/kapcsolat\/\"]}]},{\"@type\":\"BreadcrumbList\",\"@id\":\"https:\/\/darksidemedia.hu\/kapcsolat\/#breadcrumb\",\"itemListElement\":[{\"@type\":\"ListItem\",\"position\":1,\"name\":\"Kezd\u0151lap\",\"item\":\"https:\/\/darksidemedia.hu\/\"},{\"@type\":\"ListItem\",\"position\":2,\"name\":\"Kapcsolat\"}]},{\"@type\":\"WebSite\",\"@id\":\"https:\/\/darksidemedia.hu\/#website\",\"url\":\"https:\/\/darksidemedia.hu\/\",\"name\":\"darkside media\",\"description\":\"Az els\u0151 benyom\u00e1s a legfontosabb...\",\"publisher\":{\"@id\":\"https:\/\/darksidemedia.hu\/#organization\"},\"potentialAction\":[{\"@type\":\"SearchAction\",\"target\":{\"@type\":\"EntryPoint\",\"urlTemplate\":\"https:\/\/darksidemedia.hu\/?s={search_term_string}\"},\"query-input\":{\"@type\":\"PropertyValueSpecification\",\"valueRequired\":true,\"valueName\":\"search_term_string\"}}],\"inLanguage\":\"en-US\"},{\"@type\":\"Organization\",\"@id\":\"https:\/\/darksidemedia.hu\/#organization\",\"name\":\"darkside media\",\"url\":\"https:\/\/darksidemedia.hu\/\",\"logo\":{\"@type\":\"ImageObject\",\"inLanguage\":\"en-US\",\"@id\":\"https:\/\/darksidemedia.hu\/#\/schema\/logo\/image\/\",\"url\":\"https:\/\/darksidemedia.hu\/wp-content\/uploads\/2023\/10\/cropped-dm_logo.png\",\"contentUrl\":\"https:\/\/darksidemedia.hu\/wp-content\/uploads\/2023\/10\/cropped-dm_logo.png\",\"width\":512,\"height\":512,\"caption\":\"darkside media\"},\"image\":{\"@id\":\"https:\/\/darksidemedia.hu\/#\/schema\/logo\/image\/\"}}]}<\/script>\n<!-- \/ Yoast SEO Premium plugin. -->","yoast_head_json":{"title":"Kapcsolat - darkside media","robots":{"index":"index","follow":"follow","max-snippet":"max-snippet:-1","max-image-preview":"max-image-preview:large","max-video-preview":"max-video-preview:-1"},"canonical":"https:\/\/darksidemedia.hu\/en\/kapcsolat\/","og_locale":"en_US","og_type":"article","og_title":"Kapcsolat","og_url":"https:\/\/darksidemedia.hu\/en\/kapcsolat\/","og_site_name":"darkside media","article_modified_time":"2023-11-08T21:02:51+00:00","twitter_card":"summary_large_image","twitter_misc":{"Est. reading time":"1 minute"},"schema":{"@context":"https:\/\/schema.org","@graph":[{"@type":"WebPage","@id":"https:\/\/darksidemedia.hu\/kapcsolat\/","url":"https:\/\/darksidemedia.hu\/kapcsolat\/","name":"Kapcsolat - darkside media","isPartOf":{"@id":"https:\/\/darksidemedia.hu\/#website"},"datePublished":"2023-09-12T05:14:26+00:00","dateModified":"2023-11-08T21:02:51+00:00","breadcrumb":{"@id":"https:\/\/darksidemedia.hu\/kapcsolat\/#breadcrumb"},"inLanguage":"en-US","potentialAction":[{"@type":"ReadAction","target":["https:\/\/darksidemedia.hu\/kapcsolat\/"]}]},{"@type":"BreadcrumbList","@id":"https:\/\/darksidemedia.hu\/kapcsolat\/#breadcrumb","itemListElement":[{"@type":"ListItem","position":1,"name":"Kezd\u0151lap","item":"https:\/\/darksidemedia.hu\/"},{"@type":"ListItem","position":2,"name":"Kapcsolat"}]},{"@type":"WebSite","@id":"https:\/\/darksidemedia.hu\/#website","url":"https:\/\/darksidemedia.hu\/","name":"darkside media","description":"First impression is the most important...","publisher":{"@id":"https:\/\/darksidemedia.hu\/#organization"},"potentialAction":[{"@type":"SearchAction","target":{"@type":"EntryPoint","urlTemplate":"https:\/\/darksidemedia.hu\/?s={search_term_string}"},"query-input":{"@type":"PropertyValueSpecification","valueRequired":true,"valueName":"search_term_string"}}],"inLanguage":"en-US"},{"@type":"Organization","@id":"https:\/\/darksidemedia.hu\/#organization","name":"darkside media","url":"https:\/\/darksidemedia.hu\/","logo":{"@type":"ImageObject","inLanguage":"en-US","@id":"https:\/\/darksidemedia.hu\/#\/schema\/logo\/image\/","url":"https:\/\/darksidemedia.hu\/wp-content\/uploads\/2023\/10\/cropped-dm_logo.png","contentUrl":"https:\/\/darksidemedia.hu\/wp-content\/uploads\/2023\/10\/cropped-dm_logo.png","width":512,"height":512,"caption":"darkside media"},"image":{"@id":"https:\/\/darksidemedia.hu\/#\/schema\/logo\/image\/"}}]}},"jetpack_sharing_enabled":true,"_links":{"self":[{"href":"https:\/\/darksidemedia.hu\/en\/wp-json\/wp\/v2\/pages\/11","targetHints":{"allow":["GET"]}}],"collection":[{"href":"https:\/\/darksidemedia.hu\/en\/wp-json\/wp\/v2\/pages"}],"about":[{"href":"https:\/\/darksidemedia.hu\/en\/wp-json\/wp\/v2\/types\/page"}],"author":[{"embeddable":true,"href":"https:\/\/darksidemedia.hu\/en\/wp-json\/wp\/v2\/users\/1"}],"replies":[{"embeddable":true,"href":"https:\/\/darksidemedia.hu\/en\/wp-json\/wp\/v2\/comments?post=11"}],"version-history":[{"count":39,"href":"https:\/\/darksidemedia.hu\/en\/wp-json\/wp\/v2\/pages\/11\/revisions"}],"predecessor-version":[{"id":4872,"href":"https:\/\/darksidemedia.hu\/en\/wp-json\/wp\/v2\/pages\/11\/revisions\/4872"}],"wp:attachment":[{"href":"https:\/\/darksidemedia.hu\/en\/wp-json\/wp\/v2\/media?parent=11"}],"curies":[{"name":"wp","href":"https:\/\/api.w.org\/{rel}","templated":true}]}}