{"id":88,"date":"2023-09-12T07:30:13","date_gmt":"2023-09-12T05:30:13","guid":{"rendered":"http:\/\/clapat-themes.com\/wordpress\/manifesto\/?page_id=88"},"modified":"2023-11-08T22:18:01","modified_gmt":"2023-11-08T21:18:01","slug":"rolunk","status":"publish","type":"page","link":"https:\/\/darksidemedia.hu\/en\/rolunk\/","title":{"rendered":"R\u00f3lunk"},"content":{"rendered":"<div class=\"wp-block-manifesto-gutenberg-container content-row dark-section normal\" data-bgcolor=\"#0c0c0c\" style=\"text-align:left\">\n<div class=\"wp-block-manifesto-gutenberg-clipped-image clipped-image-wrapper\"><div class=\"clipped-image-pin\"><div class=\"clipped-image\"><img decoding=\"async\" src=\"https:\/\/darksidemedia.hu\/wp-content\/uploads\/2023\/10\/tyler-lastovich-ddLiNMqWAOM-unsplash-scaled.jpg\" alt=\"\"\/><div class=\"content-video-wrapper\"><video class=\"bgvid\" loop muted playsinline><source src=\"https:\/\/youtu.be\/_gr7zDNL6o4\" type=\"video\/mp4\"\/><\/video><\/div><div class=\"clipped-image-gradient\"><\/div><\/div><\/div><div class=\"clipped-image-content content-full-width\">\n<div class=\"wp-block-manifesto-gutenberg-marquee-content marquee-text-wrapper\"><h2 class=\"marquee-text no-margins fw big-title\">\n<em>Az els\u00f6 benyom\u00e1s<\/em> a legfontosabb. <em>Minden<\/em> egy k\u00e9zben.\n<\/h2><\/div>\n\n\n\n<div class=\"wp-block-manifesto-gutenberg-marquee-content marquee-text-wrapper\"><h2 class=\"marquee-text no-margins bw big-title\">\n<em>Minden<\/em> egy k\u00e9zben. <em>Az els\u00f6 benyom\u00e1s<\/em> a legfontosabb.\n<\/h2><\/div>\n<\/div><\/div>\n<\/div>\n\n\n\n<div class=\"wp-block-manifesto-gutenberg-container content-row dark-section normal row_padding_top row_padding_bottom\" data-bgcolor=\"#0c0c0c\" style=\"text-align:left\">\n<div class=\"wp-block-columns is-layout-flex wp-container-core-columns-is-layout-9d6595d7 wp-block-columns-is-layout-flex\">\n<div class=\"wp-block-column is-layout-flow wp-block-column-is-layout-flow\" style=\"flex-basis:25%\">\n<p class=\"has-mask-fill no-margins has-medium-font-size\">\u00dcgyn\u00f6ks\u00e9g\u00fcnk<\/p>\n<\/div>\n\n\n\n<div class=\"wp-block-column is-layout-flow wp-block-column-is-layout-flow\" style=\"flex-basis:25%\">\n<p class=\"has-mask-fill no-margins has-medium-font-size\">T\u00e9nyek<\/p>\n<\/div>\n\n\n\n<div class=\"wp-block-column is-layout-flow wp-block-column-is-layout-flow\" style=\"flex-basis:50%\">\n<p class=\"has-opacity has-medium-font-size\">Csapatunk az online t\u00e9rben \u00e9s a filmes vil\u00e1gban megszerzett tapasztalataival, valamint a marketing tudom\u00e1ny ter\u00fclet\u00e9n elsaj\u00e1t\u00edtott tud\u00e1s\u00e1val, a leg\u00fajabb trendeknek megfelel\u0151 komplett online marketing megold\u00e1sokkal v\u00e9rtezi fel \u00fcgyfelei megjelen\u00e9s\u00e9t. <\/p>\n<\/div>\n<\/div>\n<\/div>\n\n\n\n<div class=\"wp-block-manifesto-gutenberg-container content-row light-section normal row_padding_top row_padding_bottom change-header-color has-clip-path\" data-bgcolor=\"#ffffff\" style=\"text-align:left\">\n<div class=\"wp-block-columns pinned-section is-layout-flex wp-container-core-columns-is-layout-9d6595d7 wp-block-columns-is-layout-flex\">\n<div class=\"wp-block-column pinned-element left is-layout-flow wp-block-column-is-layout-flow\">\n<h3 class=\"wp-block-heading\" id=\"h-szolgaltatasaink\">Szolg\u00e1ltat\u00e1saink<\/h3>\n<\/div>\n\n\n\n<div class=\"wp-block-column scrolling-element right is-layout-flow wp-block-column-is-layout-flow\">\n<dl class=\"wp-block-manifesto-gutenberg-accordion accordion small-acc\">\n<dt><span class=\"link\"><em>Weboldal<\/em> fejleszt\u00e9s<\/span><div class=\"acc-icon-wrap parallax-wrap\"><div class=\"acc-button-icon parallax-element\"><i class=\"fa fa-arrow-right\"><\/i><\/div><\/div><\/dt><dd class=\"accordion-content\">L\u00e1tv\u00e1nyos, felhaszn\u00e1l\u00f3bar\u00e1t, reszponz\u00edv weboldalakat \u00e9s webshopokat k\u00e9sz\u00edt\u00fcnk v\u00e1llalkoz\u00e1sod sz\u00e1m\u00e1ra.<\/dd>\n\n\n\n<dt><span class=\"link\"><em>Kreat\u00edv<\/em> filmk\u00e9sz\u00edt\u00e9s<\/span><div class=\"acc-icon-wrap parallax-wrap\"><div class=\"acc-button-icon parallax-element\"><i class=\"fa fa-arrow-right\"><\/i><\/div><\/div><\/dt><dd class=\"accordion-content\">Profi rekl\u00e1mfilmet, im\u00e1zsfilmet, alkalmi vide\u00f3kat k\u00e9sz\u00edt\u00fcnk, a nyersanyag felv\u00e9tel\u00e9vel \u00e9s az ut\u00f3munk\u00e1latokkal egyetemben.<\/dd>\n\n\n\n<dt><span class=\"link\"><em>Kreat\u00edv<\/em> fot\u00f3z\u00e1s<\/span><div class=\"acc-icon-wrap parallax-wrap\"><div class=\"acc-button-icon parallax-element\"><i class=\"fa fa-arrow-right\"><\/i><\/div><\/div><\/dt><dd class=\"accordion-content\">Profi term\u00e9kfot\u00f3kat, egyedi portr\u00e9fot\u00f3kat \u00e9s trendi automotive anyagokat k\u00e9sz\u00edt\u00fcnk.<\/dd>\n\n\n\n<dt><span class=\"link\"><em>K\u00f6z\u00f6ss\u00e9gi<\/em> M\u00e9dia Marketing<\/span><div class=\"acc-icon-wrap parallax-wrap\"><div class=\"acc-button-icon parallax-element\"><i class=\"fa fa-arrow-right\"><\/i><\/div><\/div><\/dt><dd class=\"accordion-content\">L\u00e9trehozzuk, kezelj\u00fck \u00e9s tartalommal t\u00f6ltj\u00fck meg Facebook, Instagram, TikTok, Youtube, LinkedIn, X profiljait.<\/dd>\n\n\n\n<dt><span class=\"link\"><em>Grafikai<\/em> tervez\u00e9s<\/span><div class=\"acc-icon-wrap parallax-wrap\"><div class=\"acc-button-icon parallax-element\"><i class=\"fa fa-arrow-right\"><\/i><\/div><\/div><\/dt><dd class=\"accordion-content\">Megtervezz\u00fck \u00e9s elk\u00e9sz\u00edtj\u00fck v\u00e1llalkoz\u00e1sod egyedi fizik\u00e1lis sz\u00f3r\u00f3anyagait, plak\u00e1tjait, digit\u00e1lis bannereit, log\u00f3j\u00e1t.<\/dd>\n\n\n\n<dt><span class=\"link\">Hirdet\u00e9skezel\u00e9s<\/span><div class=\"acc-icon-wrap parallax-wrap\"><div class=\"acc-button-icon parallax-element\"><i class=\"fa fa-arrow-right\"><\/i><\/div><\/div><\/dt><dd class=\"accordion-content\">PPC kamp\u00e1nyokat tervez\u00fcnk, k\u00e9sz\u00edt\u00fcnk, menedzsel\u00fcnk \u00e9s riportokat k\u00e9sz\u00edt\u00fcnk neked, a Facebook \u00e9s Google Ads fel\u00fcletein.<\/dd>\n\n\n\n<dt><span class=\"link\">SEO<\/span><div class=\"acc-icon-wrap parallax-wrap\"><div class=\"acc-button-icon parallax-element\"><i class=\"fa fa-arrow-right\"><\/i><\/div><\/div><\/dt><dd class=\"accordion-content\">Optimaliz\u00e1ljuk weboldalad organikus el\u00e9r\u00e9s\u00e9t a keres\u0151motorokban val\u00f3 megjelen\u00e9shez.<\/dd>\n\n\n\n<dt><span class=\"link\"><em>Tartalom<\/em> marketing<\/span><div class=\"acc-icon-wrap parallax-wrap\"><div class=\"acc-button-icon parallax-element\"><i class=\"fa fa-arrow-right\"><\/i><\/div><\/div><\/dt><dd class=\"accordion-content\">Megtervezz\u00fck \u00e9s elk\u00e9sz\u00edtj\u00fck weboldalad \u00e9s k\u00f6z\u00f6ss\u00e9gi m\u00e9dia platformjaid k\u00e9pi \u00e9s sz\u00f6veges anyagait. <\/dd>\n\n\n\n<dt><span class=\"link\"><em>Brand<\/em> \u00e9p\u00edt\u00e9s<\/span><div class=\"acc-icon-wrap parallax-wrap\"><div class=\"acc-button-icon parallax-element\"><i class=\"fa fa-arrow-right\"><\/i><\/div><\/div><\/dt><dd class=\"accordion-content\">Megtervezz\u00fck \u00e9s fel\u00e9p\u00edtj\u00fck v\u00e1llalkoz\u00e1sod arculat\u00e1t \u00e9s im\u00e1zs\u00e1t.<\/dd>\n\n\n\n<dt><span class=\"link\"><em>Marketing<\/em> tan\u00e1csad\u00e1s<\/span><div class=\"acc-icon-wrap parallax-wrap\"><div class=\"acc-button-icon parallax-element\"><i class=\"fa fa-arrow-right\"><\/i><\/div><\/div><\/dt><dd class=\"accordion-content\">B\u00edzd r\u00e1nk v\u00e1llalkoz\u00e1sodat \u00e9s seg\u00edt\u00fcnk megtervezni kiad\u00e1saidat, rekl\u00e1mtev\u00e9kenys\u00e9gedet \u00e9s a v\u00e1rhat\u00f3 megt\u00e9r\u00fcl\u00e9st.<\/dd>\n<\/dl>\n<\/div>\n<\/div>\n<\/div>\n\n\n\n<div class=\"wp-block-manifesto-gutenberg-container content-row dark-section full row_padding_top row_padding_bottom row_padding_left row_padding_right\" data-bgcolor=\"#0c0c0c\" style=\"text-align:left\">\n<h2 class=\"wp-block-heading has-text-align-center\" id=\"h-sikeres-partnereink\"><em class=\"has-mask-fill\">Sikeres<\/em><br><span class=\"has-mask-fill\">Partnereink<\/span><\/h2>\n\n\n\n<p class=\"has-text-align-center\">Akikkel m\u00e1r elindultunk <br>a siker r\u00f6g\u00f6s \u00fatj\u00e1n.<\/p>\n\n\n\n<div style=\"height:60px\" aria-hidden=\"true\" class=\"wp-block-spacer\"><\/div>\n\n\n\n<ul class=\"wp-block-manifesto-gutenberg-clients clients-table\" data-delay=\"0\">\n<li class=\"link\"><a target=\"_blank\" href=\"https:\/\/harmonybarbershop.hu\"><img decoding=\"async\" src=\"https:\/\/darksidemedia.hu\/wp-content\/uploads\/2023\/10\/11-1.png\" alt=\"client image\" \/><div class=\"overlay\"><\/div><\/a><\/li>\n\n\n\n<li class=\"link\"><a target=\"_blank\" href=\"https:\/\/kaiserkult.com\"><img decoding=\"async\" src=\"https:\/\/darksidemedia.hu\/wp-content\/uploads\/2023\/10\/kajzi.png\" alt=\"client image\" \/><div class=\"overlay\"><\/div><\/a><\/li>\n\n\n\n<li class=\"link\"><a target=\"_blank\" href=\"https:\/\/mmminterior.hu\"><img decoding=\"async\" src=\"https:\/\/darksidemedia.hu\/wp-content\/uploads\/2023\/10\/mmm.png\" alt=\"client image\" \/><div class=\"overlay\"><\/div><\/a><\/li>\n\n\n\n<li class=\"link\"><a target=\"_blank\" href=\"https:\/\/www.karaiexclusiveracing.hu\"><img decoding=\"async\" src=\"https:\/\/darksidemedia.hu\/wp-content\/uploads\/2023\/10\/karai.png\" alt=\"client image\" \/><div class=\"overlay\"><\/div><\/a><\/li>\n\n\n\n<li class=\"link\"><a target=\"_blank\" href=\"https:\/\/e30store.net\"><img decoding=\"async\" src=\"https:\/\/darksidemedia.hu\/wp-content\/uploads\/2023\/10\/5-1.png\" alt=\"client image\" \/><div class=\"overlay\"><\/div><\/a><\/li>\n\n\n\n<li class=\"link\"><a target=\"_blank\" href=\"https:\/\/benkodaru.hu\"><img decoding=\"async\" src=\"https:\/\/darksidemedia.hu\/wp-content\/uploads\/2023\/10\/benkoasd.png\" alt=\"client image\" \/><div class=\"overlay\"><\/div><\/a><\/li>\n\n\n\n<li class=\"link\"><a target=\"_blank\" href=\"https:\/\/bjl.hu\"><img decoding=\"async\" src=\"https:\/\/darksidemedia.hu\/wp-content\/uploads\/2023\/10\/6-1.png\" alt=\"client image\" \/><div class=\"overlay\"><\/div><\/a><\/li>\n\n\n\n<li class=\"link\"><a target=\"_blank\" href=\"https:\/\/nyiradracing.hu\"><img decoding=\"async\" src=\"https:\/\/darksidemedia.hu\/wp-content\/uploads\/2023\/10\/7-1.png\" alt=\"client image\" \/><div class=\"overlay\"><\/div><\/a><\/li>\n\n\n\n<li class=\"link\"><a target=\"_blank\" href=\"https:\/\/oberontrans.hu\"><img decoding=\"async\" src=\"https:\/\/darksidemedia.hu\/wp-content\/uploads\/2023\/10\/8.png\" alt=\"client image\" \/><div class=\"overlay\"><\/div><\/a><\/li>\n\n\n\n<li class=\"link\"><a target=\"_blank\" href=\"https:\/\/cleancarwash.hu\"><img decoding=\"async\" src=\"https:\/\/darksidemedia.hu\/wp-content\/uploads\/2023\/10\/10-1.png\" alt=\"client image\" \/><div class=\"overlay\"><\/div><\/a><\/li>\n\n\n\n<li class=\"link\"><a target=\"_blank\" href=\"https:\/\/ferinnokft.hu\"><img decoding=\"async\" src=\"https:\/\/darksidemedia.hu\/wp-content\/uploads\/2023\/10\/12.png\" alt=\"client image\" \/><div class=\"overlay\"><\/div><\/a><\/li>\n\n\n\n<li class=\"link\"><a target=\"_blank\" href=\"https:\/\/c4r-gmbh.de\"><img decoding=\"async\" src=\"https:\/\/darksidemedia.hu\/wp-content\/uploads\/2023\/10\/13.png\" alt=\"client image\" \/><div class=\"overlay\"><\/div><\/a><\/li>\n\n\n\n<li class=\"link\"><a target=\"_blank\" href=\"https:\/\/www.zvizzer.com\"><img decoding=\"async\" src=\"https:\/\/darksidemedia.hu\/wp-content\/uploads\/2023\/10\/zvizzer.png\" alt=\"client image\" \/><div class=\"overlay\"><\/div><\/a><\/li>\n\n\n\n<li class=\"link\"><a target=\"_blank\" href=\"https:\/\/www.amts.hu\/hu\"><img decoding=\"async\" src=\"https:\/\/darksidemedia.hu\/wp-content\/uploads\/2023\/10\/amts.png\" alt=\"client image\" \/><div class=\"overlay\"><\/div><\/a><\/li>\n\n\n\n<li class=\"link\"><a target=\"_blank\" href=\"https:\/\/youranastomosis.com\"><img decoding=\"async\" src=\"https:\/\/darksidemedia.hu\/wp-content\/uploads\/2023\/10\/ya.png\" alt=\"client image\" \/><div class=\"overlay\"><\/div><\/a><\/li>\n\n\n\n<li class=\"link\"><a target=\"_blank\" href=\"https:\/\/www.aranycipo.hu\"><img decoding=\"async\" src=\"https:\/\/darksidemedia.hu\/wp-content\/uploads\/2023\/10\/aranyc.png\" alt=\"client image\" \/><div class=\"overlay\"><\/div><\/a><\/li>\n<\/ul>\n<\/div>\n\n\n\n<div class=\"wp-block-manifesto-gutenberg-container content-row dark-section normal row_padding_top row_padding_bottom change-header-color has-clip-path\" data-bgcolor=\"#171717\" style=\"text-align:left\">\n<div class=\"wp-block-columns pinned-section is-layout-flex wp-container-core-columns-is-layout-9d6595d7 wp-block-columns-is-layout-flex\">\n<div class=\"wp-block-column pinned-element left is-layout-flow wp-block-column-is-layout-flow\">\n<h3 class=\"wp-block-heading has-white-color has-text-color\" id=\"h-figyelemfelkelto-tartalom\">Figyelemfelkelt\u0151 tartalom?<\/h3>\n\n\n\n<p class=\"has-white-color has-text-color\">Ha kell, meg\u0151r\u00fcl\u00fcnk! Nem f\u00e9l\u00fcnk a 3D-effektel\u00e9st\u0151l sem!<\/p>\n<\/div>\n\n\n\n<div class=\"wp-block-column scrolling-element right is-layout-flow wp-block-column-is-layout-flow\">\n<figure class=\"wp-block-video\"><video height=\"3840\" style=\"aspect-ratio: 2160 \/ 3840;\" width=\"2160\" autoplay controls muted src=\"http:\/\/darksidemedia.hu\/wp-content\/uploads\/2023\/11\/Loli9mm_Final.mp4\"><\/video><\/figure>\n<\/div>\n<\/div>\n<\/div>\n\n\n\n<div class=\"wp-block-manifesto-gutenberg-container content-row dark-section normal\" data-bgcolor=\"#171717\" style=\"text-align:left\">\n<div class=\"wp-block-manifesto-gutenberg-marquee-content marquee-text-wrapper\"><h2 class=\"marquee-text no-margins fw big-title\">\n<em> Vide\u00f3 <\/em> Weboldal <em> K\u00f6z\u00f6ss\u00e9gi m\u00e9dia <\/em> Hirdet\u00e9sek <em> Tartalom <\/em> Fot\u00f3k <em>Grafika<\/em> SEO\n<\/h2><\/div>\n\n\n\n<div style=\"height:60px\" aria-hidden=\"true\" class=\"wp-block-spacer\"><\/div>\n\n\n\n<div style=\"height:30px\" aria-hidden=\"true\" class=\"wp-block-spacer destroy\"><\/div>\n\n\n\n<div style=\"height:60px\" aria-hidden=\"true\" class=\"wp-block-spacer\"><\/div>\n<\/div>","protected":false},"excerpt":{"rendered":"","protected":false},"author":1,"featured_media":0,"parent":0,"menu_order":0,"comment_status":"closed","ping_status":"closed","template":"","meta":{"_monsterinsights_skip_tracking":false,"_monsterinsights_sitenote_active":false,"_monsterinsights_sitenote_note":"","_monsterinsights_sitenote_category":0,"_uf_show_specific_survey":0,"_uf_disable_surveys":false,"footnotes":""},"class_list":["post-88","page","type-page","status-publish","hentry"],"yoast_head":"<!-- This site is optimized with the Yoast SEO Premium plugin v26.8 (Yoast SEO v26.8) - https:\/\/yoast.com\/product\/yoast-seo-premium-wordpress\/ -->\n<title>R\u00f3lunk - darkside media<\/title>\n<meta name=\"robots\" content=\"index, follow, max-snippet:-1, max-image-preview:large, max-video-preview:-1\" \/>\n<link rel=\"canonical\" href=\"https:\/\/darksidemedia.hu\/en\/rolunk\/\" \/>\n<meta property=\"og:locale\" content=\"en_US\" \/>\n<meta property=\"og:type\" content=\"article\" \/>\n<meta property=\"og:title\" content=\"R\u00f3lunk\" \/>\n<meta property=\"og:url\" content=\"https:\/\/darksidemedia.hu\/en\/rolunk\/\" \/>\n<meta property=\"og:site_name\" content=\"darkside media\" \/>\n<meta property=\"article:modified_time\" content=\"2023-11-08T21:18:01+00:00\" \/>\n<meta property=\"og:image\" content=\"https:\/\/darksidemedia.hu\/wp-content\/uploads\/2023\/10\/tyler-lastovich-ddLiNMqWAOM-unsplash-scaled.jpg\" \/>\n<meta name=\"twitter:card\" content=\"summary_large_image\" \/>\n<meta name=\"twitter:label1\" content=\"Est. reading time\" \/>\n\t<meta name=\"twitter:data1\" content=\"2 minutes\" \/>\n<script type=\"application\/ld+json\" class=\"yoast-schema-graph\">{\"@context\":\"https:\/\/schema.org\",\"@graph\":[{\"@type\":\"WebPage\",\"@id\":\"https:\/\/darksidemedia.hu\/rolunk\/\",\"url\":\"https:\/\/darksidemedia.hu\/rolunk\/\",\"name\":\"R\u00f3lunk - darkside media\",\"isPartOf\":{\"@id\":\"https:\/\/darksidemedia.hu\/#website\"},\"primaryImageOfPage\":{\"@id\":\"https:\/\/darksidemedia.hu\/rolunk\/#primaryimage\"},\"image\":{\"@id\":\"https:\/\/darksidemedia.hu\/rolunk\/#primaryimage\"},\"thumbnailUrl\":\"https:\/\/darksidemedia.hu\/wp-content\/uploads\/2023\/10\/tyler-lastovich-ddLiNMqWAOM-unsplash-scaled.jpg\",\"datePublished\":\"2023-09-12T05:30:13+00:00\",\"dateModified\":\"2023-11-08T21:18:01+00:00\",\"breadcrumb\":{\"@id\":\"https:\/\/darksidemedia.hu\/rolunk\/#breadcrumb\"},\"inLanguage\":\"en-US\",\"potentialAction\":[{\"@type\":\"ReadAction\",\"target\":[\"https:\/\/darksidemedia.hu\/rolunk\/\"]}]},{\"@type\":\"ImageObject\",\"inLanguage\":\"en-US\",\"@id\":\"https:\/\/darksidemedia.hu\/rolunk\/#primaryimage\",\"url\":\"https:\/\/darksidemedia.hu\/wp-content\/uploads\/2023\/10\/tyler-lastovich-ddLiNMqWAOM-unsplash-scaled.jpg\",\"contentUrl\":\"https:\/\/darksidemedia.hu\/wp-content\/uploads\/2023\/10\/tyler-lastovich-ddLiNMqWAOM-unsplash-scaled.jpg\"},{\"@type\":\"BreadcrumbList\",\"@id\":\"https:\/\/darksidemedia.hu\/rolunk\/#breadcrumb\",\"itemListElement\":[{\"@type\":\"ListItem\",\"position\":1,\"name\":\"Kezd\u0151lap\",\"item\":\"https:\/\/darksidemedia.hu\/\"},{\"@type\":\"ListItem\",\"position\":2,\"name\":\"R\u00f3lunk\"}]},{\"@type\":\"WebSite\",\"@id\":\"https:\/\/darksidemedia.hu\/#website\",\"url\":\"https:\/\/darksidemedia.hu\/\",\"name\":\"darkside media\",\"description\":\"Az els\u0151 benyom\u00e1s a legfontosabb...\",\"publisher\":{\"@id\":\"https:\/\/darksidemedia.hu\/#organization\"},\"potentialAction\":[{\"@type\":\"SearchAction\",\"target\":{\"@type\":\"EntryPoint\",\"urlTemplate\":\"https:\/\/darksidemedia.hu\/?s={search_term_string}\"},\"query-input\":{\"@type\":\"PropertyValueSpecification\",\"valueRequired\":true,\"valueName\":\"search_term_string\"}}],\"inLanguage\":\"en-US\"},{\"@type\":\"Organization\",\"@id\":\"https:\/\/darksidemedia.hu\/#organization\",\"name\":\"darkside media\",\"url\":\"https:\/\/darksidemedia.hu\/\",\"logo\":{\"@type\":\"ImageObject\",\"inLanguage\":\"en-US\",\"@id\":\"https:\/\/darksidemedia.hu\/#\/schema\/logo\/image\/\",\"url\":\"https:\/\/darksidemedia.hu\/wp-content\/uploads\/2023\/10\/cropped-dm_logo.png\",\"contentUrl\":\"https:\/\/darksidemedia.hu\/wp-content\/uploads\/2023\/10\/cropped-dm_logo.png\",\"width\":512,\"height\":512,\"caption\":\"darkside media\"},\"image\":{\"@id\":\"https:\/\/darksidemedia.hu\/#\/schema\/logo\/image\/\"}}]}<\/script>\n<!-- \/ Yoast SEO Premium plugin. -->","yoast_head_json":{"title":"R\u00f3lunk - darkside media","robots":{"index":"index","follow":"follow","max-snippet":"max-snippet:-1","max-image-preview":"max-image-preview:large","max-video-preview":"max-video-preview:-1"},"canonical":"https:\/\/darksidemedia.hu\/en\/rolunk\/","og_locale":"en_US","og_type":"article","og_title":"R\u00f3lunk","og_url":"https:\/\/darksidemedia.hu\/en\/rolunk\/","og_site_name":"darkside media","article_modified_time":"2023-11-08T21:18:01+00:00","og_image":[{"url":"https:\/\/darksidemedia.hu\/wp-content\/uploads\/2023\/10\/tyler-lastovich-ddLiNMqWAOM-unsplash-scaled.jpg","type":"","width":"","height":""}],"twitter_card":"summary_large_image","twitter_misc":{"Est. reading time":"2 minutes"},"schema":{"@context":"https:\/\/schema.org","@graph":[{"@type":"WebPage","@id":"https:\/\/darksidemedia.hu\/rolunk\/","url":"https:\/\/darksidemedia.hu\/rolunk\/","name":"R\u00f3lunk - darkside media","isPartOf":{"@id":"https:\/\/darksidemedia.hu\/#website"},"primaryImageOfPage":{"@id":"https:\/\/darksidemedia.hu\/rolunk\/#primaryimage"},"image":{"@id":"https:\/\/darksidemedia.hu\/rolunk\/#primaryimage"},"thumbnailUrl":"https:\/\/darksidemedia.hu\/wp-content\/uploads\/2023\/10\/tyler-lastovich-ddLiNMqWAOM-unsplash-scaled.jpg","datePublished":"2023-09-12T05:30:13+00:00","dateModified":"2023-11-08T21:18:01+00:00","breadcrumb":{"@id":"https:\/\/darksidemedia.hu\/rolunk\/#breadcrumb"},"inLanguage":"en-US","potentialAction":[{"@type":"ReadAction","target":["https:\/\/darksidemedia.hu\/rolunk\/"]}]},{"@type":"ImageObject","inLanguage":"en-US","@id":"https:\/\/darksidemedia.hu\/rolunk\/#primaryimage","url":"https:\/\/darksidemedia.hu\/wp-content\/uploads\/2023\/10\/tyler-lastovich-ddLiNMqWAOM-unsplash-scaled.jpg","contentUrl":"https:\/\/darksidemedia.hu\/wp-content\/uploads\/2023\/10\/tyler-lastovich-ddLiNMqWAOM-unsplash-scaled.jpg"},{"@type":"BreadcrumbList","@id":"https:\/\/darksidemedia.hu\/rolunk\/#breadcrumb","itemListElement":[{"@type":"ListItem","position":1,"name":"Kezd\u0151lap","item":"https:\/\/darksidemedia.hu\/"},{"@type":"ListItem","position":2,"name":"R\u00f3lunk"}]},{"@type":"WebSite","@id":"https:\/\/darksidemedia.hu\/#website","url":"https:\/\/darksidemedia.hu\/","name":"darkside media","description":"First impression is the most important...","publisher":{"@id":"https:\/\/darksidemedia.hu\/#organization"},"potentialAction":[{"@type":"SearchAction","target":{"@type":"EntryPoint","urlTemplate":"https:\/\/darksidemedia.hu\/?s={search_term_string}"},"query-input":{"@type":"PropertyValueSpecification","valueRequired":true,"valueName":"search_term_string"}}],"inLanguage":"en-US"},{"@type":"Organization","@id":"https:\/\/darksidemedia.hu\/#organization","name":"darkside media","url":"https:\/\/darksidemedia.hu\/","logo":{"@type":"ImageObject","inLanguage":"en-US","@id":"https:\/\/darksidemedia.hu\/#\/schema\/logo\/image\/","url":"https:\/\/darksidemedia.hu\/wp-content\/uploads\/2023\/10\/cropped-dm_logo.png","contentUrl":"https:\/\/darksidemedia.hu\/wp-content\/uploads\/2023\/10\/cropped-dm_logo.png","width":512,"height":512,"caption":"darkside media"},"image":{"@id":"https:\/\/darksidemedia.hu\/#\/schema\/logo\/image\/"}}]}},"jetpack_sharing_enabled":true,"_links":{"self":[{"href":"https:\/\/darksidemedia.hu\/en\/wp-json\/wp\/v2\/pages\/88","targetHints":{"allow":["GET"]}}],"collection":[{"href":"https:\/\/darksidemedia.hu\/en\/wp-json\/wp\/v2\/pages"}],"about":[{"href":"https:\/\/darksidemedia.hu\/en\/wp-json\/wp\/v2\/types\/page"}],"author":[{"embeddable":true,"href":"https:\/\/darksidemedia.hu\/en\/wp-json\/wp\/v2\/users\/1"}],"replies":[{"embeddable":true,"href":"https:\/\/darksidemedia.hu\/en\/wp-json\/wp\/v2\/comments?post=88"}],"version-history":[{"count":47,"href":"https:\/\/darksidemedia.hu\/en\/wp-json\/wp\/v2\/pages\/88\/revisions"}],"predecessor-version":[{"id":4870,"href":"https:\/\/darksidemedia.hu\/en\/wp-json\/wp\/v2\/pages\/88\/revisions\/4870"}],"wp:attachment":[{"href":"https:\/\/darksidemedia.hu\/en\/wp-json\/wp\/v2\/media?parent=88"}],"curies":[{"name":"wp","href":"https:\/\/api.w.org\/{rel}","templated":true}]}}