{"id":4780,"date":"2023-11-07T14:27:42","date_gmt":"2023-11-07T13:27:42","guid":{"rendered":"https:\/\/darksidemedia.hu\/?post_type=product&#038;p=4780"},"modified":"2024-06-10T11:38:53","modified_gmt":"2024-06-10T09:38:53","slug":"bobr-ja-pierdole-matrica-supreme-style","status":"publish","type":"product","link":"https:\/\/darksidemedia.hu\/en\/product\/bobr-ja-pierdole-matrica-supreme-style\/","title":{"rendered":"&#8222;B\u00f3br &#8211; Ja pierdole!&#8221; matrica<br>Supreme style"},"content":{"rendered":"<p>T\u0171nj ki a t\u00f6megb\u0151l \u00e9s dobd fel aut\u00f3d vagy m\u00e1s t\u00e1rgyaid megjelen\u00e9s\u00e9t a legmen\u0151bb &#8222;B\u00f3br &#8211; Ja pierdole!&#8221; Supreme style matric\u00e1val! Biztosak vagyunk benne, hogy mindenki azt fogja k\u00e9rdezni, hogy &#8222;EZ HONNAN VAN?&#8221; Igen, val\u00f3ban a DarksideSHOP term\u00e9kei a legkir\u00e1lyabbak!<\/p>\n<ul>\n<li>T\u00f6bb sz\u00ednben \u00e9s m\u00e9retben is v\u00e1laszthat\u00f3 az eg\u00e9szen kicsit\u0151l a 70cm-es sz\u00e9lv\u00e9d\u0151matric\u00e1ig<\/li>\n<li>A legjobb min\u0151s\u00e9g\u0171 f\u00f3li\u00e1b\u00f3l, t\u00f6k\u00e9letes felbont\u00e1ssal!<\/li>\n<li>A matrica hely\u00e9t felragaszt\u00e1s el\u0151tt \u00e9rdemes teljesen tiszt\u00e1ra t\u00f6r\u00f6lni<\/li>\n<li>Sz\u00e9lv\u00e9d\u0151n nem \u00e9rdemes az ablakt\u00f6rl\u0151vel \u00e9rintkez\u0151 helyre helyezni a matric\u00e1t<\/li>\n<\/ul>\n<p><em style=\"color: #777777; font-size: 16px;\">*the samples used are the intellectual property of darkside media (Galaxy-Invest Bt.).<\/em><\/p>","protected":false},"excerpt":{"rendered":"<p>T\u0171nj ki a t\u00f6megb\u0151l \u00e9s dobd fel aut\u00f3d vagy m\u00e1s t\u00e1rgyaid megjelen\u00e9s\u00e9t a legmen\u0151bb &#8222;B\u00f3br &#8211; Ja pierdole!&#8221; Supreme style matric\u00e1val! Biztosak vagyunk benne, hogy mindenki azt fogja k\u00e9rdezni, hogy &#8222;EZ HONNAN VAN?&#8221; Igen, val\u00f3ban a DarksideSHOP term\u00e9kei a legkir\u00e1lyabbak!<\/p>","protected":false},"featured_media":4786,"template":"","meta":{"_monsterinsights_skip_tracking":false,"_monsterinsights_sitenote_active":false,"_monsterinsights_sitenote_note":"","_monsterinsights_sitenote_category":0,"_uf_show_specific_survey":0,"_uf_disable_surveys":false},"product_brand":[],"product_cat":[82],"product_tag":[84,85,83,86],"class_list":{"0":"post-4780","1":"product","2":"type-product","3":"status-publish","4":"has-post-thumbnail","6":"product_cat-matricak","7":"product_tag-bobr","8":"product_tag-kurwa","9":"product_tag-matrica","10":"product_tag-pierdole","11":"product_shipping_class-87","13":"first","14":"instock","15":"taxable","16":"shipping-taxable","17":"purchasable","18":"product-type-variable"},"yoast_head":"<!-- This site is optimized with the Yoast SEO Premium plugin v26.8 (Yoast SEO v26.8) - https:\/\/yoast.com\/product\/yoast-seo-premium-wordpress\/ -->\n<title>&quot;B\u00f3br - Ja pierdole!&quot; matricaSupreme style - darkside media<\/title>\n<meta name=\"robots\" content=\"index, follow, max-snippet:-1, max-image-preview:large, max-video-preview:-1\" \/>\n<link rel=\"canonical\" href=\"https:\/\/darksidemedia.hu\/en\/product\/bobr-ja-pierdole-matrica-supreme-style\/\" \/>\n<meta property=\"og:locale\" content=\"en_US\" \/>\n<meta property=\"og:type\" content=\"article\" \/>\n<meta property=\"og:title\" content=\"&quot;B\u00f3br - Ja pierdole!&quot; matricaSupreme style\" \/>\n<meta property=\"og:description\" content=\"T\u0171nj ki a t\u00f6megb\u0151l \u00e9s dobd fel aut\u00f3d vagy m\u00e1s t\u00e1rgyaid megjelen\u00e9s\u00e9t a legmen\u0151bb &quot;B\u00f3br - Ja pierdole!&quot; Supreme style matric\u00e1val! Biztosak vagyunk benne, hogy mindenki azt fogja k\u00e9rdezni, hogy &quot;EZ HONNAN VAN?&quot; Igen, val\u00f3ban a DarksideSHOP term\u00e9kei a legkir\u00e1lyabbak!\" \/>\n<meta property=\"og:url\" content=\"https:\/\/darksidemedia.hu\/en\/product\/bobr-ja-pierdole-matrica-supreme-style\/\" \/>\n<meta property=\"og:site_name\" content=\"darkside media\" \/>\n<meta property=\"article:modified_time\" content=\"2024-06-10T09:38:53+00:00\" \/>\n<meta property=\"og:image\" content=\"http:\/\/darksidemedia.hu\/wp-content\/uploads\/2023\/11\/JaPierdole1_mockup.png\" \/>\n\t<meta property=\"og:image:width\" content=\"2340\" \/>\n\t<meta property=\"og:image:height\" content=\"1560\" \/>\n\t<meta property=\"og:image:type\" content=\"image\/png\" \/>\n<meta name=\"twitter:card\" content=\"summary_large_image\" \/>\n<meta name=\"twitter:label1\" content=\"Availability\" \/>\n\t<meta name=\"twitter:data1\" content=\"In stock\" \/>\n<script type=\"application\/ld+json\" class=\"yoast-schema-graph\">{\"@context\":\"https:\/\/schema.org\",\"@graph\":[{\"@type\":\"WebPage\",\"@id\":\"https:\/\/darksidemedia.hu\/product\/bobr-ja-pierdole-matrica-supreme-style\/\",\"url\":\"https:\/\/darksidemedia.hu\/product\/bobr-ja-pierdole-matrica-supreme-style\/\",\"name\":\"\\\"B\u00f3br - Ja pierdole!\\\" matrica Supreme style - darkside media\",\"isPartOf\":{\"@id\":\"https:\/\/darksidemedia.hu\/#website\"},\"primaryImageOfPage\":{\"@id\":\"https:\/\/darksidemedia.hu\/product\/bobr-ja-pierdole-matrica-supreme-style\/#primaryimage\"},\"image\":{\"@id\":\"https:\/\/darksidemedia.hu\/product\/bobr-ja-pierdole-matrica-supreme-style\/#primaryimage\"},\"thumbnailUrl\":\"https:\/\/darksidemedia.hu\/wp-content\/uploads\/2023\/11\/JaPierdole1_mockup.png\",\"datePublished\":\"2023-11-07T13:27:42+00:00\",\"dateModified\":\"2024-06-10T09:38:53+00:00\",\"breadcrumb\":{\"@id\":\"https:\/\/darksidemedia.hu\/product\/bobr-ja-pierdole-matrica-supreme-style\/#breadcrumb\"},\"inLanguage\":\"en-US\",\"potentialAction\":[{\"@type\":\"ReadAction\",\"target\":[\"https:\/\/darksidemedia.hu\/product\/bobr-ja-pierdole-matrica-supreme-style\/\"]}]},{\"@type\":\"ImageObject\",\"inLanguage\":\"en-US\",\"@id\":\"https:\/\/darksidemedia.hu\/product\/bobr-ja-pierdole-matrica-supreme-style\/#primaryimage\",\"url\":\"https:\/\/darksidemedia.hu\/wp-content\/uploads\/2023\/11\/JaPierdole1_mockup.png\",\"contentUrl\":\"https:\/\/darksidemedia.hu\/wp-content\/uploads\/2023\/11\/JaPierdole1_mockup.png\",\"width\":2340,\"height\":1560},{\"@type\":\"BreadcrumbList\",\"@id\":\"https:\/\/darksidemedia.hu\/product\/bobr-ja-pierdole-matrica-supreme-style\/#breadcrumb\",\"itemListElement\":[{\"@type\":\"ListItem\",\"position\":1,\"name\":\"Kezd\u0151lap\",\"item\":\"https:\/\/darksidemedia.hu\/\"},{\"@type\":\"ListItem\",\"position\":2,\"name\":\"Darkside SHOP\",\"item\":\"https:\/\/darksidemedia.hu\/shop\/\"},{\"@type\":\"ListItem\",\"position\":3,\"name\":\"&#8220;B\u00f3br &#8211; Ja pierdole!&#8221; matricaSupreme style\"}]},{\"@type\":\"WebSite\",\"@id\":\"https:\/\/darksidemedia.hu\/#website\",\"url\":\"https:\/\/darksidemedia.hu\/\",\"name\":\"darkside media\",\"description\":\"Az els\u0151 benyom\u00e1s a legfontosabb...\",\"publisher\":{\"@id\":\"https:\/\/darksidemedia.hu\/#organization\"},\"potentialAction\":[{\"@type\":\"SearchAction\",\"target\":{\"@type\":\"EntryPoint\",\"urlTemplate\":\"https:\/\/darksidemedia.hu\/?s={search_term_string}\"},\"query-input\":{\"@type\":\"PropertyValueSpecification\",\"valueRequired\":true,\"valueName\":\"search_term_string\"}}],\"inLanguage\":\"en-US\"},{\"@type\":\"Organization\",\"@id\":\"https:\/\/darksidemedia.hu\/#organization\",\"name\":\"darkside media\",\"url\":\"https:\/\/darksidemedia.hu\/\",\"logo\":{\"@type\":\"ImageObject\",\"inLanguage\":\"en-US\",\"@id\":\"https:\/\/darksidemedia.hu\/#\/schema\/logo\/image\/\",\"url\":\"https:\/\/darksidemedia.hu\/wp-content\/uploads\/2023\/10\/cropped-dm_logo.png\",\"contentUrl\":\"https:\/\/darksidemedia.hu\/wp-content\/uploads\/2023\/10\/cropped-dm_logo.png\",\"width\":512,\"height\":512,\"caption\":\"darkside media\"},\"image\":{\"@id\":\"https:\/\/darksidemedia.hu\/#\/schema\/logo\/image\/\"}}]}<\/script>\n<meta property=\"og:availability\" content=\"instock\" \/>\n<meta property=\"product:availability\" content=\"instock\" \/>\n<meta property=\"product:retailer_item_id\" content=\"BJP-001\" \/>\n<meta property=\"product:condition\" content=\"new\" \/>\n<!-- \/ Yoast SEO Premium plugin. -->","yoast_head_json":{"title":"\"B\u00f3br - Ja pierdole!\" matricaSupreme style - darkside media","robots":{"index":"index","follow":"follow","max-snippet":"max-snippet:-1","max-image-preview":"max-image-preview:large","max-video-preview":"max-video-preview:-1"},"canonical":"https:\/\/darksidemedia.hu\/en\/product\/bobr-ja-pierdole-matrica-supreme-style\/","og_locale":"en_US","og_type":"article","og_title":"\"B\u00f3br - Ja pierdole!\" matricaSupreme style","og_description":"T\u0171nj ki a t\u00f6megb\u0151l \u00e9s dobd fel aut\u00f3d vagy m\u00e1s t\u00e1rgyaid megjelen\u00e9s\u00e9t a legmen\u0151bb \"B\u00f3br - Ja pierdole!\" Supreme style matric\u00e1val! Biztosak vagyunk benne, hogy mindenki azt fogja k\u00e9rdezni, hogy \"EZ HONNAN VAN?\" Igen, val\u00f3ban a DarksideSHOP term\u00e9kei a legkir\u00e1lyabbak!","og_url":"https:\/\/darksidemedia.hu\/en\/product\/bobr-ja-pierdole-matrica-supreme-style\/","og_site_name":"darkside media","article_modified_time":"2024-06-10T09:38:53+00:00","og_image":[{"width":2340,"height":1560,"url":"http:\/\/darksidemedia.hu\/wp-content\/uploads\/2023\/11\/JaPierdole1_mockup.png","type":"image\/png"}],"twitter_card":"summary_large_image","twitter_misc":{"Availability":"In stock"},"schema":{"@context":"https:\/\/schema.org","@graph":[{"@type":"WebPage","@id":"https:\/\/darksidemedia.hu\/product\/bobr-ja-pierdole-matrica-supreme-style\/","url":"https:\/\/darksidemedia.hu\/product\/bobr-ja-pierdole-matrica-supreme-style\/","name":"\"B\u00f3br - Ja pierdole!\" matrica Supreme style - darkside media","isPartOf":{"@id":"https:\/\/darksidemedia.hu\/#website"},"primaryImageOfPage":{"@id":"https:\/\/darksidemedia.hu\/product\/bobr-ja-pierdole-matrica-supreme-style\/#primaryimage"},"image":{"@id":"https:\/\/darksidemedia.hu\/product\/bobr-ja-pierdole-matrica-supreme-style\/#primaryimage"},"thumbnailUrl":"https:\/\/darksidemedia.hu\/wp-content\/uploads\/2023\/11\/JaPierdole1_mockup.png","datePublished":"2023-11-07T13:27:42+00:00","dateModified":"2024-06-10T09:38:53+00:00","breadcrumb":{"@id":"https:\/\/darksidemedia.hu\/product\/bobr-ja-pierdole-matrica-supreme-style\/#breadcrumb"},"inLanguage":"en-US","potentialAction":[{"@type":"ReadAction","target":["https:\/\/darksidemedia.hu\/product\/bobr-ja-pierdole-matrica-supreme-style\/"]}]},{"@type":"ImageObject","inLanguage":"en-US","@id":"https:\/\/darksidemedia.hu\/product\/bobr-ja-pierdole-matrica-supreme-style\/#primaryimage","url":"https:\/\/darksidemedia.hu\/wp-content\/uploads\/2023\/11\/JaPierdole1_mockup.png","contentUrl":"https:\/\/darksidemedia.hu\/wp-content\/uploads\/2023\/11\/JaPierdole1_mockup.png","width":2340,"height":1560},{"@type":"BreadcrumbList","@id":"https:\/\/darksidemedia.hu\/product\/bobr-ja-pierdole-matrica-supreme-style\/#breadcrumb","itemListElement":[{"@type":"ListItem","position":1,"name":"Kezd\u0151lap","item":"https:\/\/darksidemedia.hu\/"},{"@type":"ListItem","position":2,"name":"Darkside SHOP","item":"https:\/\/darksidemedia.hu\/shop\/"},{"@type":"ListItem","position":3,"name":"&#8220;B\u00f3br &#8211; Ja pierdole!&#8221; matricaSupreme style"}]},{"@type":"WebSite","@id":"https:\/\/darksidemedia.hu\/#website","url":"https:\/\/darksidemedia.hu\/","name":"darkside media","description":"First impression is the most important...","publisher":{"@id":"https:\/\/darksidemedia.hu\/#organization"},"potentialAction":[{"@type":"SearchAction","target":{"@type":"EntryPoint","urlTemplate":"https:\/\/darksidemedia.hu\/?s={search_term_string}"},"query-input":{"@type":"PropertyValueSpecification","valueRequired":true,"valueName":"search_term_string"}}],"inLanguage":"en-US"},{"@type":"Organization","@id":"https:\/\/darksidemedia.hu\/#organization","name":"darkside media","url":"https:\/\/darksidemedia.hu\/","logo":{"@type":"ImageObject","inLanguage":"en-US","@id":"https:\/\/darksidemedia.hu\/#\/schema\/logo\/image\/","url":"https:\/\/darksidemedia.hu\/wp-content\/uploads\/2023\/10\/cropped-dm_logo.png","contentUrl":"https:\/\/darksidemedia.hu\/wp-content\/uploads\/2023\/10\/cropped-dm_logo.png","width":512,"height":512,"caption":"darkside media"},"image":{"@id":"https:\/\/darksidemedia.hu\/#\/schema\/logo\/image\/"}}]},"og_availability":"instock","product_availability":"instock","product_retailer_item_id":"BJP-001","product_condition":"new"},"jetpack_sharing_enabled":true,"_links":{"self":[{"href":"https:\/\/darksidemedia.hu\/en\/wp-json\/wp\/v2\/product\/4780","targetHints":{"allow":["GET"]}}],"collection":[{"href":"https:\/\/darksidemedia.hu\/en\/wp-json\/wp\/v2\/product"}],"about":[{"href":"https:\/\/darksidemedia.hu\/en\/wp-json\/wp\/v2\/types\/product"}],"wp:featuredmedia":[{"embeddable":true,"href":"https:\/\/darksidemedia.hu\/en\/wp-json\/wp\/v2\/media\/4786"}],"wp:attachment":[{"href":"https:\/\/darksidemedia.hu\/en\/wp-json\/wp\/v2\/media?parent=4780"}],"wp:term":[{"taxonomy":"product_brand","embeddable":true,"href":"https:\/\/darksidemedia.hu\/en\/wp-json\/wp\/v2\/product_brand?post=4780"},{"taxonomy":"product_cat","embeddable":true,"href":"https:\/\/darksidemedia.hu\/en\/wp-json\/wp\/v2\/product_cat?post=4780"},{"taxonomy":"product_tag","embeddable":true,"href":"https:\/\/darksidemedia.hu\/en\/wp-json\/wp\/v2\/product_tag?post=4780"}],"curies":[{"name":"wp","href":"https:\/\/api.w.org\/{rel}","templated":true}]}}