{"id":4983,"date":"2023-11-26T17:32:20","date_gmt":"2023-11-26T16:32:20","guid":{"rendered":"https:\/\/darksidemedia.hu\/?post_type=product&#038;p=4983"},"modified":"2024-02-12T20:23:46","modified_gmt":"2024-02-12T19:23:46","slug":"bbrkrw-polofekete","status":"publish","type":"product","link":"https:\/\/darksidemedia.hu\/en\/product\/bbrkrw-polofekete\/","title":{"rendered":"BBRKRW T-shirt<br>(black)"},"content":{"rendered":"<p>BBRKRW p\u00f3l\u00f3! Az ultimate designer p\u00f3l\u00f3nk! Ezzel az eleg\u00e1ns, hat\u00e1rozott h\u00f3ddal garant\u00e1ltan te leszel a leggizd\u00e1bb!<br \/>\nT\u0171nj ki a t\u00f6megb\u0151l a legmen\u0151bb p\u00f3l\u00f3val! Biztosak vagyunk benne, hogy mindenki azt fogja k\u00e9rdezni, hogy &#8222;EZ HONNAN VAN?&#8221; Igen, val\u00f3ban a DarksideSHOP term\u00e9kei a legkir\u00e1lyabbak!<\/p>\n<ul>\n<li>High quality 100% cotton product<\/li>\n<li>Production time 4-5 working days<\/li>\n<li>The images are illustrations, so the final product may differ slightly from the visual design<\/li>\n<li>Classic fit<\/li>\n<li>Strapped from shoulder to shoulder<\/li>\n<li>Tear-off label<\/li>\n<li>Double stitched armhole and waist<\/li>\n<li>Anti-crease folding<\/li>\n<\/ul>\n<p>Washing and cleaning:<\/p>\n<ul>\n<li>Machine drying: normal program, medium temperature<\/li>\n<li>Machine wash, medium temperature (40 Celsius!), inside out<\/li>\n<li>It cannot be ironed<\/li>\n<li>It cannot be dry cleaned<\/li>\n<li>Bleaching is possible with chlorine-free bleach<\/li>\n<\/ul>\n<p><em style=\"color: #777777; font-size: 16px;\">*the samples used are the intellectual property of darkside media (Galaxy-Invest Bt.).<\/em><\/p>\n<table dir=\"ltr\" style=\"height: 227px;\" border=\"1\" width=\"393\" cellspacing=\"0\" cellpadding=\"0\">\n<colgroup>\n<col width=\"141\" \/>\n<col width=\"139\" \/><\/colgroup>\n<tbody>\n<tr>\n<td colspan=\"2\" rowspan=\"1\" data-sheets-value=\"{&quot;1&quot;:2,&quot;2&quot;:&quot;M\u00e9rett\u00e1bl\u00e1zat&quot;}\"><a href=\"https:\/\/e30store.net\/wp-content\/uploads\/2023\/11\/balkan_polo_meret.png\"><img decoding=\"async\" class=\"alignnone size-full wp-image-21499\" src=\"https:\/\/e30store.net\/wp-content\/uploads\/2023\/11\/balkan_polo_meret.png\" alt=\"\" width=\"150\" height=\"150\" \/><\/a> Size features<\/td>\n<\/tr>\n<tr>\n<td data-sheets-value=\"{&quot;1&quot;:2,&quot;2&quot;:&quot;N\u0151i m\u00e9retek&quot;}\">Women's sizes (A,B)<\/td>\n<td data-sheets-value=\"{&quot;1&quot;:2,&quot;2&quot;:&quot;F\u00e9rfi m\u00e9retek&quot;}\">Men's sizes (A,B)<\/td>\n<\/tr>\n<tr>\n<td data-sheets-value=\"{&quot;1&quot;:2,&quot;2&quot;:&quot;S&quot;}\">S (64, 41, 29)<\/td>\n<td data-sheets-value=\"{&quot;1&quot;:2,&quot;2&quot;:&quot;S&quot;}\">S (71, 46, 40)<\/td>\n<\/tr>\n<tr>\n<td data-sheets-value=\"{&quot;1&quot;:2,&quot;2&quot;:&quot;M&quot;}\">M (67, 43, 30)<\/td>\n<td data-sheets-value=\"{&quot;1&quot;:2,&quot;2&quot;:&quot;M&quot;}\">M (74, 51, 43)<\/td>\n<\/tr>\n<tr>\n<td data-sheets-value=\"{&quot;1&quot;:2,&quot;2&quot;:&quot;L&quot;}\">L (69, 47, 32)<\/td>\n<td data-sheets-value=\"{&quot;1&quot;:2,&quot;2&quot;:&quot;L&quot;}\">L (77, 56, 46)<\/td>\n<\/tr>\n<tr>\n<td data-sheets-value=\"{&quot;1&quot;:2,&quot;2&quot;:&quot;XL&quot;}\">XL (71, 50, 34)<\/td>\n<td data-sheets-value=\"{&quot;1&quot;:2,&quot;2&quot;:&quot;XL&quot;}\">XL (79, 61, 50)<\/td>\n<\/tr>\n<tr>\n<td>XXL (72, 56, 36)<\/td>\n<td data-sheets-value=\"{&quot;1&quot;:2,&quot;2&quot;:&quot;XXL&quot;}\">2XL (83, 66, 53)<\/td>\n<\/tr>\n<tr>\n<td><\/td>\n<td data-sheets-value=\"{&quot;1&quot;:2,&quot;2&quot;:&quot;XXXL&quot;}\">3XL (85, 71, 56)<\/td>\n<\/tr>\n<\/tbody>\n<\/table>\n<p>&nbsp;<\/p>","protected":false},"excerpt":{"rendered":"<p>BBRKRW p\u00f3l\u00f3! Az ultimate designer p\u00f3l\u00f3nk! Ezzel az eleg\u00e1ns, hat\u00e1rozott h\u00f3ddal garant\u00e1ltan te leszel a leggizd\u00e1bb!<br \/>\nT\u0171nj ki a t\u00f6megb\u0151l a legmen\u0151bb p\u00f3l\u00f3val! Biztosak vagyunk benne, hogy mindenki azt fogja k\u00e9rdezni, hogy &#8222;EZ HONNAN VAN?&#8221; Igen, val\u00f3ban a DarksideSHOP term\u00e9kei a legkir\u00e1lyabbak!<\/p>","protected":false},"featured_media":4930,"template":"","meta":{"_monsterinsights_skip_tracking":false,"_monsterinsights_sitenote_active":false,"_monsterinsights_sitenote_note":"","_monsterinsights_sitenote_category":0,"_uf_show_specific_survey":0,"_uf_disable_surveys":false},"product_brand":[],"product_cat":[94],"product_tag":[84,85,95],"class_list":{"0":"post-4983","1":"product","2":"type-product","3":"status-publish","4":"has-post-thumbnail","6":"product_cat-polok","7":"product_tag-bobr","8":"product_tag-kurwa","9":"product_tag-shirt","10":"product_shipping_class-88","12":"first","13":"instock","14":"taxable","15":"shipping-taxable","16":"purchasable","17":"product-type-variable"},"yoast_head":"<!-- This site is optimized with the Yoast SEO Premium plugin v26.8 (Yoast SEO v26.8) - https:\/\/yoast.com\/product\/yoast-seo-premium-wordpress\/ -->\n<title>BBRKRW P\u00f3l\u00f3(fekete) - darkside media<\/title>\n<meta name=\"description\" content=\"BBRKRW p\u00f3l\u00f3! Az ultimate designer p\u00f3l\u00f3nk! Ezzel az eleg\u00e1ns, hat\u00e1rozott h\u00f3ddal garant\u00e1ltan te leszel a leggizd\u00e1bb!\" \/>\n<meta name=\"robots\" content=\"index, follow, max-snippet:-1, max-image-preview:large, max-video-preview:-1\" \/>\n<link rel=\"canonical\" href=\"https:\/\/darksidemedia.hu\/en\/product\/bbrkrw-polofekete\/\" \/>\n<meta property=\"og:locale\" content=\"en_US\" \/>\n<meta property=\"og:type\" content=\"article\" \/>\n<meta property=\"og:title\" content=\"BBRKRW P\u00f3l\u00f3(fekete)\" \/>\n<meta property=\"og:description\" content=\"BBRKRW p\u00f3l\u00f3! Az ultimate designer p\u00f3l\u00f3nk! Ezzel az eleg\u00e1ns, hat\u00e1rozott h\u00f3ddal garant\u00e1ltan te leszel a leggizd\u00e1bb!\" \/>\n<meta property=\"og:url\" content=\"https:\/\/darksidemedia.hu\/en\/product\/bbrkrw-polofekete\/\" \/>\n<meta property=\"og:site_name\" content=\"darkside media\" \/>\n<meta property=\"article:modified_time\" content=\"2024-02-12T19:23:46+00:00\" \/>\n<meta property=\"og:image\" content=\"http:\/\/darksidemedia.hu\/wp-content\/uploads\/2023\/11\/bbrkrw_1-scaled.jpg\" \/>\n\t<meta property=\"og:image:width\" content=\"2560\" \/>\n\t<meta property=\"og:image:height\" content=\"1920\" \/>\n\t<meta property=\"og:image:type\" content=\"image\/jpeg\" \/>\n<meta name=\"twitter:card\" content=\"summary_large_image\" \/>\n<meta name=\"twitter:label1\" content=\"Availability\" \/>\n\t<meta name=\"twitter:data1\" content=\"In stock\" \/>\n<script type=\"application\/ld+json\" class=\"yoast-schema-graph\">{\"@context\":\"https:\/\/schema.org\",\"@graph\":[{\"@type\":\"WebPage\",\"@id\":\"https:\/\/darksidemedia.hu\/product\/bbrkrw-polofekete\/\",\"url\":\"https:\/\/darksidemedia.hu\/product\/bbrkrw-polofekete\/\",\"name\":\"BBRKRW P\u00f3l\u00f3 (fekete) - darkside media\",\"isPartOf\":{\"@id\":\"https:\/\/darksidemedia.hu\/#website\"},\"primaryImageOfPage\":{\"@id\":\"https:\/\/darksidemedia.hu\/product\/bbrkrw-polofekete\/#primaryimage\"},\"image\":{\"@id\":\"https:\/\/darksidemedia.hu\/product\/bbrkrw-polofekete\/#primaryimage\"},\"thumbnailUrl\":\"https:\/\/darksidemedia.hu\/wp-content\/uploads\/2023\/11\/bbrkrw_1-scaled.jpg\",\"datePublished\":\"2023-11-26T16:32:20+00:00\",\"dateModified\":\"2024-02-12T19:23:46+00:00\",\"description\":\"BBRKRW p\u00f3l\u00f3! Az ultimate designer p\u00f3l\u00f3nk! Ezzel az eleg\u00e1ns, hat\u00e1rozott h\u00f3ddal garant\u00e1ltan te leszel a leggizd\u00e1bb!\",\"breadcrumb\":{\"@id\":\"https:\/\/darksidemedia.hu\/product\/bbrkrw-polofekete\/#breadcrumb\"},\"inLanguage\":\"en-US\",\"potentialAction\":[{\"@type\":\"ReadAction\",\"target\":[\"https:\/\/darksidemedia.hu\/product\/bbrkrw-polofekete\/\"]}]},{\"@type\":\"ImageObject\",\"inLanguage\":\"en-US\",\"@id\":\"https:\/\/darksidemedia.hu\/product\/bbrkrw-polofekete\/#primaryimage\",\"url\":\"https:\/\/darksidemedia.hu\/wp-content\/uploads\/2023\/11\/bbrkrw_1-scaled.jpg\",\"contentUrl\":\"https:\/\/darksidemedia.hu\/wp-content\/uploads\/2023\/11\/bbrkrw_1-scaled.jpg\",\"width\":2560,\"height\":1920},{\"@type\":\"BreadcrumbList\",\"@id\":\"https:\/\/darksidemedia.hu\/product\/bbrkrw-polofekete\/#breadcrumb\",\"itemListElement\":[{\"@type\":\"ListItem\",\"position\":1,\"name\":\"Kezd\u0151lap\",\"item\":\"https:\/\/darksidemedia.hu\/\"},{\"@type\":\"ListItem\",\"position\":2,\"name\":\"Darkside SHOP\",\"item\":\"https:\/\/darksidemedia.hu\/shop\/\"},{\"@type\":\"ListItem\",\"position\":3,\"name\":\"BBRKRW P\u00f3l\u00f3(fekete)\"}]},{\"@type\":\"WebSite\",\"@id\":\"https:\/\/darksidemedia.hu\/#website\",\"url\":\"https:\/\/darksidemedia.hu\/\",\"name\":\"darkside media\",\"description\":\"Az els\u0151 benyom\u00e1s a legfontosabb...\",\"publisher\":{\"@id\":\"https:\/\/darksidemedia.hu\/#organization\"},\"potentialAction\":[{\"@type\":\"SearchAction\",\"target\":{\"@type\":\"EntryPoint\",\"urlTemplate\":\"https:\/\/darksidemedia.hu\/?s={search_term_string}\"},\"query-input\":{\"@type\":\"PropertyValueSpecification\",\"valueRequired\":true,\"valueName\":\"search_term_string\"}}],\"inLanguage\":\"en-US\"},{\"@type\":\"Organization\",\"@id\":\"https:\/\/darksidemedia.hu\/#organization\",\"name\":\"darkside media\",\"url\":\"https:\/\/darksidemedia.hu\/\",\"logo\":{\"@type\":\"ImageObject\",\"inLanguage\":\"en-US\",\"@id\":\"https:\/\/darksidemedia.hu\/#\/schema\/logo\/image\/\",\"url\":\"https:\/\/darksidemedia.hu\/wp-content\/uploads\/2023\/10\/cropped-dm_logo.png\",\"contentUrl\":\"https:\/\/darksidemedia.hu\/wp-content\/uploads\/2023\/10\/cropped-dm_logo.png\",\"width\":512,\"height\":512,\"caption\":\"darkside media\"},\"image\":{\"@id\":\"https:\/\/darksidemedia.hu\/#\/schema\/logo\/image\/\"}}]}<\/script>\n<meta property=\"og:availability\" content=\"instock\" \/>\n<meta property=\"product:availability\" content=\"instock\" \/>\n<meta property=\"product:retailer_item_id\" content=\"BBRKRW\" \/>\n<meta property=\"product:condition\" content=\"new\" \/>\n<!-- \/ Yoast SEO Premium plugin. -->","yoast_head_json":{"title":"BBRKRW P\u00f3l\u00f3(fekete) - darkside media","description":"BBRKRW p\u00f3l\u00f3! Az ultimate designer p\u00f3l\u00f3nk! Ezzel az eleg\u00e1ns, hat\u00e1rozott h\u00f3ddal garant\u00e1ltan te leszel a leggizd\u00e1bb!","robots":{"index":"index","follow":"follow","max-snippet":"max-snippet:-1","max-image-preview":"max-image-preview:large","max-video-preview":"max-video-preview:-1"},"canonical":"https:\/\/darksidemedia.hu\/en\/product\/bbrkrw-polofekete\/","og_locale":"en_US","og_type":"article","og_title":"BBRKRW P\u00f3l\u00f3(fekete)","og_description":"BBRKRW p\u00f3l\u00f3! Az ultimate designer p\u00f3l\u00f3nk! Ezzel az eleg\u00e1ns, hat\u00e1rozott h\u00f3ddal garant\u00e1ltan te leszel a leggizd\u00e1bb!","og_url":"https:\/\/darksidemedia.hu\/en\/product\/bbrkrw-polofekete\/","og_site_name":"darkside media","article_modified_time":"2024-02-12T19:23:46+00:00","og_image":[{"width":2560,"height":1920,"url":"http:\/\/darksidemedia.hu\/wp-content\/uploads\/2023\/11\/bbrkrw_1-scaled.jpg","type":"image\/jpeg"}],"twitter_card":"summary_large_image","twitter_misc":{"Availability":"In stock"},"schema":{"@context":"https:\/\/schema.org","@graph":[{"@type":"WebPage","@id":"https:\/\/darksidemedia.hu\/product\/bbrkrw-polofekete\/","url":"https:\/\/darksidemedia.hu\/product\/bbrkrw-polofekete\/","name":"BBRKRW P\u00f3l\u00f3 (fekete) - darkside media","isPartOf":{"@id":"https:\/\/darksidemedia.hu\/#website"},"primaryImageOfPage":{"@id":"https:\/\/darksidemedia.hu\/product\/bbrkrw-polofekete\/#primaryimage"},"image":{"@id":"https:\/\/darksidemedia.hu\/product\/bbrkrw-polofekete\/#primaryimage"},"thumbnailUrl":"https:\/\/darksidemedia.hu\/wp-content\/uploads\/2023\/11\/bbrkrw_1-scaled.jpg","datePublished":"2023-11-26T16:32:20+00:00","dateModified":"2024-02-12T19:23:46+00:00","description":"BBRKRW p\u00f3l\u00f3! Az ultimate designer p\u00f3l\u00f3nk! Ezzel az eleg\u00e1ns, hat\u00e1rozott h\u00f3ddal garant\u00e1ltan te leszel a leggizd\u00e1bb!","breadcrumb":{"@id":"https:\/\/darksidemedia.hu\/product\/bbrkrw-polofekete\/#breadcrumb"},"inLanguage":"en-US","potentialAction":[{"@type":"ReadAction","target":["https:\/\/darksidemedia.hu\/product\/bbrkrw-polofekete\/"]}]},{"@type":"ImageObject","inLanguage":"en-US","@id":"https:\/\/darksidemedia.hu\/product\/bbrkrw-polofekete\/#primaryimage","url":"https:\/\/darksidemedia.hu\/wp-content\/uploads\/2023\/11\/bbrkrw_1-scaled.jpg","contentUrl":"https:\/\/darksidemedia.hu\/wp-content\/uploads\/2023\/11\/bbrkrw_1-scaled.jpg","width":2560,"height":1920},{"@type":"BreadcrumbList","@id":"https:\/\/darksidemedia.hu\/product\/bbrkrw-polofekete\/#breadcrumb","itemListElement":[{"@type":"ListItem","position":1,"name":"Kezd\u0151lap","item":"https:\/\/darksidemedia.hu\/"},{"@type":"ListItem","position":2,"name":"Darkside SHOP","item":"https:\/\/darksidemedia.hu\/shop\/"},{"@type":"ListItem","position":3,"name":"BBRKRW P\u00f3l\u00f3(fekete)"}]},{"@type":"WebSite","@id":"https:\/\/darksidemedia.hu\/#website","url":"https:\/\/darksidemedia.hu\/","name":"darkside media","description":"First impression is the most important...","publisher":{"@id":"https:\/\/darksidemedia.hu\/#organization"},"potentialAction":[{"@type":"SearchAction","target":{"@type":"EntryPoint","urlTemplate":"https:\/\/darksidemedia.hu\/?s={search_term_string}"},"query-input":{"@type":"PropertyValueSpecification","valueRequired":true,"valueName":"search_term_string"}}],"inLanguage":"en-US"},{"@type":"Organization","@id":"https:\/\/darksidemedia.hu\/#organization","name":"darkside media","url":"https:\/\/darksidemedia.hu\/","logo":{"@type":"ImageObject","inLanguage":"en-US","@id":"https:\/\/darksidemedia.hu\/#\/schema\/logo\/image\/","url":"https:\/\/darksidemedia.hu\/wp-content\/uploads\/2023\/10\/cropped-dm_logo.png","contentUrl":"https:\/\/darksidemedia.hu\/wp-content\/uploads\/2023\/10\/cropped-dm_logo.png","width":512,"height":512,"caption":"darkside media"},"image":{"@id":"https:\/\/darksidemedia.hu\/#\/schema\/logo\/image\/"}}]},"og_availability":"instock","product_availability":"instock","product_retailer_item_id":"BBRKRW","product_condition":"new"},"jetpack_sharing_enabled":true,"_links":{"self":[{"href":"https:\/\/darksidemedia.hu\/en\/wp-json\/wp\/v2\/product\/4983","targetHints":{"allow":["GET"]}}],"collection":[{"href":"https:\/\/darksidemedia.hu\/en\/wp-json\/wp\/v2\/product"}],"about":[{"href":"https:\/\/darksidemedia.hu\/en\/wp-json\/wp\/v2\/types\/product"}],"wp:featuredmedia":[{"embeddable":true,"href":"https:\/\/darksidemedia.hu\/en\/wp-json\/wp\/v2\/media\/4930"}],"wp:attachment":[{"href":"https:\/\/darksidemedia.hu\/en\/wp-json\/wp\/v2\/media?parent=4983"}],"wp:term":[{"taxonomy":"product_brand","embeddable":true,"href":"https:\/\/darksidemedia.hu\/en\/wp-json\/wp\/v2\/product_brand?post=4983"},{"taxonomy":"product_cat","embeddable":true,"href":"https:\/\/darksidemedia.hu\/en\/wp-json\/wp\/v2\/product_cat?post=4983"},{"taxonomy":"product_tag","embeddable":true,"href":"https:\/\/darksidemedia.hu\/en\/wp-json\/wp\/v2\/product_tag?post=4983"}],"curies":[{"name":"wp","href":"https:\/\/api.w.org\/{rel}","templated":true}]}}