{"id":5071,"date":"2023-11-26T20:19:33","date_gmt":"2023-11-26T19:19:33","guid":{"rendered":"https:\/\/darksidemedia.hu\/?post_type=product&#038;p=5071"},"modified":"2024-05-16T16:47:14","modified_gmt":"2024-05-16T14:47:14","slug":"bober-on-holiday-autoillatosito","status":"publish","type":"product","link":"https:\/\/darksidemedia.hu\/en\/product\/bober-on-holiday-autoillatosito\/","title":{"rendered":"Bober on Holiday <br> air freshener"},"content":{"rendered":"<p>Kellemes illat\u00fa aut\u00f3illatos\u00edt\u00f3, amin\u00e9l men\u0151bbet jelenleg elk\u00e9pzelni sem lehet!<br \/>\nT\u0171nj ki a t\u00f6megb\u0151l \u00e9s var\u00e1zsolj t\u00f6k\u00e9letes harm\u00f3ni\u00e1t aut\u00f3illat\u00f3s\u00edt\u00f3inkkal! Biztosak vagyunk benne, hogy mindenki azt fogja k\u00e9rdezni, hogy &#8222;EZ HONNAN VAN?&#8221; Igen, val\u00f3ban a DarksideSHOP term\u00e9kei a legkir\u00e1lyabbak!<\/p>\n<p><em>FIGYELEM! Az illatos\u00edt\u00f3k v\u00e1rhat\u00f3 kisz\u00e1ll\u00edt\u00e1sa a nagy \u00e9rdekl\u0151d\u00e9s miatt Febru\u00e1rban v\u00e1rhat\u00f3! Rendel\u00e9seket addig is felvesz\u00fcnk!<br \/>\nHa m\u00e1s term\u00e9keidet el\u0151bb szeretn\u00e9d megkapni, akkor k\u00e9rlek add le k\u00fcl\u00f6n rendel\u00e9sk\u00e9nt az illatos\u00edt\u00f3t! K\u00f6sz\u00f6nj\u00fck a meg\u00e9rt\u00e9st!<\/em><\/p>\n<p><em style=\"color: #777777; font-size: 16px;\">*the samples used are the intellectual property of darkside media (Galaxy-Invest Bt.).<\/em><\/p>","protected":false},"excerpt":{"rendered":"<p>Kellemes illat\u00fa aut\u00f3illatos\u00edt\u00f3, amin\u00e9l men\u0151bbet jelenleg elk\u00e9pzelni sem lehet!<br \/>\nT\u0171nj ki a t\u00f6megb\u0151l \u00e9s var\u00e1zsolj t\u00f6k\u00e9letes harm\u00f3ni\u00e1t aut\u00f3illat\u00f3s\u00edt\u00f3inkkal! Biztosak vagyunk benne, hogy mindenki azt fogja k\u00e9rdezni, hogy &#8222;EZ HONNAN VAN?&#8221; Igen, val\u00f3ban a DarksideSHOP term\u00e9kei a legkir\u00e1lyabbak!<\/p>\n<p><em>FIGYELEM! Az illatos\u00edt\u00f3k v\u00e1rhat\u00f3 kisz\u00e1ll\u00edt\u00e1sa a nagy \u00e9rdekl\u0151d\u00e9s miatt Febru\u00e1rban v\u00e1rhat\u00f3! Rendel\u00e9seket addig is felvesz\u00fcnk!<br \/>\nHa m\u00e1s term\u00e9keidet el\u0151bb szeretn\u00e9d megkapni, akkor k\u00e9rlek add le k\u00fcl\u00f6n rendel\u00e9sk\u00e9nt az illatos\u00edt\u00f3t! K\u00f6sz\u00f6nj\u00fck a meg\u00e9rt\u00e9st!<\/em><\/p>","protected":false},"featured_media":5228,"template":"","meta":{"_monsterinsights_skip_tracking":false,"_monsterinsights_sitenote_active":false,"_monsterinsights_sitenote_note":"","_monsterinsights_sitenote_category":0,"_uf_show_specific_survey":0,"_uf_disable_surveys":false},"product_brand":[],"product_cat":[96],"product_tag":[],"class_list":{"0":"post-5071","1":"product","2":"type-product","3":"status-publish","4":"has-post-thumbnail","6":"product_cat-illatositok","7":"product_shipping_class-87","9":"first","10":"instock","11":"taxable","12":"shipping-taxable","13":"purchasable","14":"product-type-simple"},"yoast_head":"<!-- This site is optimized with the Yoast SEO Premium plugin v26.8 (Yoast SEO v26.8) - https:\/\/yoast.com\/product\/yoast-seo-premium-wordpress\/ -->\n<title>Bober on Holiday  aut\u00f3illatos\u00edt\u00f3 - darkside media<\/title>\n<meta name=\"description\" content=\"Kellemes illat\u00fa aut\u00f3illatos\u00edt\u00f3, amin\u00e9l men\u0151bbet jelenleg elk\u00e9pzelni sem lehet!T\u0171nj ki a t\u00f6megb\u0151l \u00e9s var\u00e1zsolj t\u00f6k\u00e9letes harm\u00f3ni\u00e1t aut\u00f3illat\u00f3s\u00edt\u00f3inkkal!\" \/>\n<meta name=\"robots\" content=\"index, follow, max-snippet:-1, max-image-preview:large, max-video-preview:-1\" \/>\n<link rel=\"canonical\" href=\"https:\/\/darksidemedia.hu\/en\/product\/bober-on-holiday-autoillatosito\/\" \/>\n<meta property=\"og:locale\" content=\"en_US\" \/>\n<meta property=\"og:type\" content=\"article\" \/>\n<meta property=\"og:title\" content=\"Bober on Holiday  aut\u00f3illatos\u00edt\u00f3\" \/>\n<meta property=\"og:description\" content=\"Kellemes illat\u00fa aut\u00f3illatos\u00edt\u00f3, amin\u00e9l men\u0151bbet jelenleg elk\u00e9pzelni sem lehet!T\u0171nj ki a t\u00f6megb\u0151l \u00e9s var\u00e1zsolj t\u00f6k\u00e9letes harm\u00f3ni\u00e1t aut\u00f3illat\u00f3s\u00edt\u00f3inkkal!\" \/>\n<meta property=\"og:url\" content=\"https:\/\/darksidemedia.hu\/en\/product\/bober-on-holiday-autoillatosito\/\" \/>\n<meta property=\"og:site_name\" content=\"darkside media\" \/>\n<meta property=\"article:modified_time\" content=\"2024-05-16T14:47:14+00:00\" \/>\n<meta property=\"og:image\" content=\"http:\/\/darksidemedia.hu\/wp-content\/uploads\/2023\/11\/bober_sunglasses_airfreshener2-1.jpg\" \/>\n\t<meta property=\"og:image:width\" content=\"1200\" \/>\n\t<meta property=\"og:image:height\" content=\"1515\" \/>\n\t<meta property=\"og:image:type\" content=\"image\/jpeg\" \/>\n<meta name=\"twitter:card\" content=\"summary_large_image\" \/>\n<meta name=\"twitter:label1\" content=\"Price\" \/>\n\t<meta name=\"twitter:data1\" content=\"1990&nbsp;&#070;&#116;\" \/>\n\t<meta name=\"twitter:label2\" content=\"Availability\" \/>\n\t<meta name=\"twitter:data2\" content=\"In stock\" \/>\n<script type=\"application\/ld+json\" class=\"yoast-schema-graph\">{\"@context\":\"https:\/\/schema.org\",\"@graph\":[{\"@type\":\"WebPage\",\"@id\":\"https:\/\/darksidemedia.hu\/product\/bober-on-holiday-autoillatosito\/\",\"url\":\"https:\/\/darksidemedia.hu\/product\/bober-on-holiday-autoillatosito\/\",\"name\":\"Bober on Holiday aut\u00f3illatos\u00edt\u00f3 - darkside media\",\"isPartOf\":{\"@id\":\"https:\/\/darksidemedia.hu\/#website\"},\"primaryImageOfPage\":{\"@id\":\"https:\/\/darksidemedia.hu\/product\/bober-on-holiday-autoillatosito\/#primaryimage\"},\"image\":{\"@id\":\"https:\/\/darksidemedia.hu\/product\/bober-on-holiday-autoillatosito\/#primaryimage\"},\"thumbnailUrl\":\"https:\/\/darksidemedia.hu\/wp-content\/uploads\/2023\/11\/bober_sunglasses_airfreshener2-1.jpg\",\"datePublished\":\"2023-11-26T19:19:33+00:00\",\"dateModified\":\"2024-05-16T14:47:14+00:00\",\"description\":\"Kellemes illat\u00fa aut\u00f3illatos\u00edt\u00f3, amin\u00e9l men\u0151bbet jelenleg elk\u00e9pzelni sem lehet!T\u0171nj ki a t\u00f6megb\u0151l \u00e9s var\u00e1zsolj t\u00f6k\u00e9letes harm\u00f3ni\u00e1t aut\u00f3illat\u00f3s\u00edt\u00f3inkkal!\",\"breadcrumb\":{\"@id\":\"https:\/\/darksidemedia.hu\/product\/bober-on-holiday-autoillatosito\/#breadcrumb\"},\"inLanguage\":\"en-US\",\"potentialAction\":[{\"@type\":\"ReadAction\",\"target\":[\"https:\/\/darksidemedia.hu\/product\/bober-on-holiday-autoillatosito\/\"]}]},{\"@type\":\"ImageObject\",\"inLanguage\":\"en-US\",\"@id\":\"https:\/\/darksidemedia.hu\/product\/bober-on-holiday-autoillatosito\/#primaryimage\",\"url\":\"https:\/\/darksidemedia.hu\/wp-content\/uploads\/2023\/11\/bober_sunglasses_airfreshener2-1.jpg\",\"contentUrl\":\"https:\/\/darksidemedia.hu\/wp-content\/uploads\/2023\/11\/bober_sunglasses_airfreshener2-1.jpg\",\"width\":1200,\"height\":1515,\"caption\":\"holiday_bober_illatosito\"},{\"@type\":\"BreadcrumbList\",\"@id\":\"https:\/\/darksidemedia.hu\/product\/bober-on-holiday-autoillatosito\/#breadcrumb\",\"itemListElement\":[{\"@type\":\"ListItem\",\"position\":1,\"name\":\"Kezd\u0151lap\",\"item\":\"https:\/\/darksidemedia.hu\/\"},{\"@type\":\"ListItem\",\"position\":2,\"name\":\"Darkside SHOP\",\"item\":\"https:\/\/darksidemedia.hu\/shop\/\"},{\"@type\":\"ListItem\",\"position\":3,\"name\":\"Bober on Holiday aut\u00f3illatos\u00edt\u00f3\"}]},{\"@type\":\"WebSite\",\"@id\":\"https:\/\/darksidemedia.hu\/#website\",\"url\":\"https:\/\/darksidemedia.hu\/\",\"name\":\"darkside media\",\"description\":\"Az els\u0151 benyom\u00e1s a legfontosabb...\",\"publisher\":{\"@id\":\"https:\/\/darksidemedia.hu\/#organization\"},\"potentialAction\":[{\"@type\":\"SearchAction\",\"target\":{\"@type\":\"EntryPoint\",\"urlTemplate\":\"https:\/\/darksidemedia.hu\/?s={search_term_string}\"},\"query-input\":{\"@type\":\"PropertyValueSpecification\",\"valueRequired\":true,\"valueName\":\"search_term_string\"}}],\"inLanguage\":\"en-US\"},{\"@type\":\"Organization\",\"@id\":\"https:\/\/darksidemedia.hu\/#organization\",\"name\":\"darkside media\",\"url\":\"https:\/\/darksidemedia.hu\/\",\"logo\":{\"@type\":\"ImageObject\",\"inLanguage\":\"en-US\",\"@id\":\"https:\/\/darksidemedia.hu\/#\/schema\/logo\/image\/\",\"url\":\"https:\/\/darksidemedia.hu\/wp-content\/uploads\/2023\/10\/cropped-dm_logo.png\",\"contentUrl\":\"https:\/\/darksidemedia.hu\/wp-content\/uploads\/2023\/10\/cropped-dm_logo.png\",\"width\":512,\"height\":512,\"caption\":\"darkside media\"},\"image\":{\"@id\":\"https:\/\/darksidemedia.hu\/#\/schema\/logo\/image\/\"}}]}<\/script>\n<meta property=\"product:price:amount\" content=\"1990\" \/>\n<meta property=\"product:price:currency\" content=\"HUF\" \/>\n<meta property=\"og:availability\" content=\"instock\" \/>\n<meta property=\"product:availability\" content=\"instock\" \/>\n<meta property=\"product:retailer_item_id\" content=\"BBR_AF_2\" \/>\n<meta property=\"product:condition\" content=\"new\" \/>\n<!-- \/ Yoast SEO Premium plugin. -->","yoast_head_json":{"title":"Bober on Holiday  aut\u00f3illatos\u00edt\u00f3 - darkside media","description":"Kellemes illat\u00fa aut\u00f3illatos\u00edt\u00f3, amin\u00e9l men\u0151bbet jelenleg elk\u00e9pzelni sem lehet!T\u0171nj ki a t\u00f6megb\u0151l \u00e9s var\u00e1zsolj t\u00f6k\u00e9letes harm\u00f3ni\u00e1t aut\u00f3illat\u00f3s\u00edt\u00f3inkkal!","robots":{"index":"index","follow":"follow","max-snippet":"max-snippet:-1","max-image-preview":"max-image-preview:large","max-video-preview":"max-video-preview:-1"},"canonical":"https:\/\/darksidemedia.hu\/en\/product\/bober-on-holiday-autoillatosito\/","og_locale":"en_US","og_type":"article","og_title":"Bober on Holiday  aut\u00f3illatos\u00edt\u00f3","og_description":"Kellemes illat\u00fa aut\u00f3illatos\u00edt\u00f3, amin\u00e9l men\u0151bbet jelenleg elk\u00e9pzelni sem lehet!T\u0171nj ki a t\u00f6megb\u0151l \u00e9s var\u00e1zsolj t\u00f6k\u00e9letes harm\u00f3ni\u00e1t aut\u00f3illat\u00f3s\u00edt\u00f3inkkal!","og_url":"https:\/\/darksidemedia.hu\/en\/product\/bober-on-holiday-autoillatosito\/","og_site_name":"darkside media","article_modified_time":"2024-05-16T14:47:14+00:00","og_image":[{"width":1200,"height":1515,"url":"http:\/\/darksidemedia.hu\/wp-content\/uploads\/2023\/11\/bober_sunglasses_airfreshener2-1.jpg","type":"image\/jpeg"}],"twitter_card":"summary_large_image","twitter_misc":{"Price":"1990&nbsp;&#70;&#116;","Availability":"In stock"},"schema":{"@context":"https:\/\/schema.org","@graph":[{"@type":"WebPage","@id":"https:\/\/darksidemedia.hu\/product\/bober-on-holiday-autoillatosito\/","url":"https:\/\/darksidemedia.hu\/product\/bober-on-holiday-autoillatosito\/","name":"Bober on Holiday aut\u00f3illatos\u00edt\u00f3 - darkside media","isPartOf":{"@id":"https:\/\/darksidemedia.hu\/#website"},"primaryImageOfPage":{"@id":"https:\/\/darksidemedia.hu\/product\/bober-on-holiday-autoillatosito\/#primaryimage"},"image":{"@id":"https:\/\/darksidemedia.hu\/product\/bober-on-holiday-autoillatosito\/#primaryimage"},"thumbnailUrl":"https:\/\/darksidemedia.hu\/wp-content\/uploads\/2023\/11\/bober_sunglasses_airfreshener2-1.jpg","datePublished":"2023-11-26T19:19:33+00:00","dateModified":"2024-05-16T14:47:14+00:00","description":"Kellemes illat\u00fa aut\u00f3illatos\u00edt\u00f3, amin\u00e9l men\u0151bbet jelenleg elk\u00e9pzelni sem lehet!T\u0171nj ki a t\u00f6megb\u0151l \u00e9s var\u00e1zsolj t\u00f6k\u00e9letes harm\u00f3ni\u00e1t aut\u00f3illat\u00f3s\u00edt\u00f3inkkal!","breadcrumb":{"@id":"https:\/\/darksidemedia.hu\/product\/bober-on-holiday-autoillatosito\/#breadcrumb"},"inLanguage":"en-US","potentialAction":[{"@type":"ReadAction","target":["https:\/\/darksidemedia.hu\/product\/bober-on-holiday-autoillatosito\/"]}]},{"@type":"ImageObject","inLanguage":"en-US","@id":"https:\/\/darksidemedia.hu\/product\/bober-on-holiday-autoillatosito\/#primaryimage","url":"https:\/\/darksidemedia.hu\/wp-content\/uploads\/2023\/11\/bober_sunglasses_airfreshener2-1.jpg","contentUrl":"https:\/\/darksidemedia.hu\/wp-content\/uploads\/2023\/11\/bober_sunglasses_airfreshener2-1.jpg","width":1200,"height":1515,"caption":"holiday_bober_illatosito"},{"@type":"BreadcrumbList","@id":"https:\/\/darksidemedia.hu\/product\/bober-on-holiday-autoillatosito\/#breadcrumb","itemListElement":[{"@type":"ListItem","position":1,"name":"Kezd\u0151lap","item":"https:\/\/darksidemedia.hu\/"},{"@type":"ListItem","position":2,"name":"Darkside SHOP","item":"https:\/\/darksidemedia.hu\/shop\/"},{"@type":"ListItem","position":3,"name":"Bober on Holiday aut\u00f3illatos\u00edt\u00f3"}]},{"@type":"WebSite","@id":"https:\/\/darksidemedia.hu\/#website","url":"https:\/\/darksidemedia.hu\/","name":"darkside media","description":"First impression is the most important...","publisher":{"@id":"https:\/\/darksidemedia.hu\/#organization"},"potentialAction":[{"@type":"SearchAction","target":{"@type":"EntryPoint","urlTemplate":"https:\/\/darksidemedia.hu\/?s={search_term_string}"},"query-input":{"@type":"PropertyValueSpecification","valueRequired":true,"valueName":"search_term_string"}}],"inLanguage":"en-US"},{"@type":"Organization","@id":"https:\/\/darksidemedia.hu\/#organization","name":"darkside media","url":"https:\/\/darksidemedia.hu\/","logo":{"@type":"ImageObject","inLanguage":"en-US","@id":"https:\/\/darksidemedia.hu\/#\/schema\/logo\/image\/","url":"https:\/\/darksidemedia.hu\/wp-content\/uploads\/2023\/10\/cropped-dm_logo.png","contentUrl":"https:\/\/darksidemedia.hu\/wp-content\/uploads\/2023\/10\/cropped-dm_logo.png","width":512,"height":512,"caption":"darkside media"},"image":{"@id":"https:\/\/darksidemedia.hu\/#\/schema\/logo\/image\/"}}]},"product_price_amount":"1990","product_price_currency":"HUF","og_availability":"instock","product_availability":"instock","product_retailer_item_id":"BBR_AF_2","product_condition":"new"},"jetpack_sharing_enabled":true,"_links":{"self":[{"href":"https:\/\/darksidemedia.hu\/en\/wp-json\/wp\/v2\/product\/5071","targetHints":{"allow":["GET"]}}],"collection":[{"href":"https:\/\/darksidemedia.hu\/en\/wp-json\/wp\/v2\/product"}],"about":[{"href":"https:\/\/darksidemedia.hu\/en\/wp-json\/wp\/v2\/types\/product"}],"wp:featuredmedia":[{"embeddable":true,"href":"https:\/\/darksidemedia.hu\/en\/wp-json\/wp\/v2\/media\/5228"}],"wp:attachment":[{"href":"https:\/\/darksidemedia.hu\/en\/wp-json\/wp\/v2\/media?parent=5071"}],"wp:term":[{"taxonomy":"product_brand","embeddable":true,"href":"https:\/\/darksidemedia.hu\/en\/wp-json\/wp\/v2\/product_brand?post=5071"},{"taxonomy":"product_cat","embeddable":true,"href":"https:\/\/darksidemedia.hu\/en\/wp-json\/wp\/v2\/product_cat?post=5071"},{"taxonomy":"product_tag","embeddable":true,"href":"https:\/\/darksidemedia.hu\/en\/wp-json\/wp\/v2\/product_tag?post=5071"}],"curies":[{"name":"wp","href":"https:\/\/api.w.org\/{rel}","templated":true}]}}