{"id":5872,"date":"2025-06-18T14:09:43","date_gmt":"2025-06-18T12:09:43","guid":{"rendered":"https:\/\/darksidemedia.hu\/?post_type=product&#038;p=5872"},"modified":"2025-06-29T21:18:50","modified_gmt":"2025-06-29T19:18:50","slug":"rs-nurburgring-polopremium-oversized-fekete","status":"publish","type":"product","link":"https:\/\/darksidemedia.hu\/en\/product\/rs-nurburgring-polopremium-oversized-fekete\/","title":{"rendered":"RS N\u00fcrburgring P\u00f3l\u00f3<br>Premium Oversized Fekete"},"content":{"rendered":"<p>\u00daj F&#8217;s RS N\u00fcrburgring kollekci\u00f3! Fekete, oversized, pr\u00e9mium p\u00f3l\u00f3! Az F&#8217;s term\u00e9keink egyt\u0151l egyig pr\u00e9mium min\u0151s\u00e9get k\u00e9pviselnek!\u00a0 &#8222;What&#8217;s your time?&#8221; &#8211; Neked mi az id\u0151d a Nordschleif\u00e9n? Eur\u00f3pa legh\u00edresebb \u00e9s legnagyobb kultusz\u00fa versenyp\u00e1ly\u00e1ja az RS3-mal egy\u00fctt! Kell enn\u00e9l t\u00f6bb?<\/p>\n<ul>\n<li>High quality 100% cotton product<\/li>\n<li>Production time 4-5 working days<\/li>\n<li>The images are illustrations, so the final product may differ slightly from the visual design<\/li>\n<li>Classic fit<\/li>\n<li>Strapped from shoulder to shoulder<\/li>\n<li>Tear-off label<\/li>\n<li>Double stitched armhole and waist<\/li>\n<li>Anti-crease folding<\/li>\n<\/ul>\n<p>Washing and cleaning:<\/p>\n<ul>\n<li>Machine drying: normal program, medium temperature<\/li>\n<li>Machine wash, medium temperature (40 Celsius!), inside out<\/li>\n<li>It cannot be ironed<\/li>\n<li>It cannot be dry cleaned<\/li>\n<li>Bleaching is possible with chlorine-free bleach<\/li>\n<\/ul>\n<p><em style=\"color: #777777; font-size: 16px;\">*a felhaszn\u00e1lt mint\u00e1k a Darkside Media Kft. szellemi tulajdon\u00e1t k\u00e9pezik<\/em><\/p>\n<table dir=\"ltr\" style=\"height: 433px;\" border=\"1\" width=\"406\" cellspacing=\"0\" cellpadding=\"0\">\n<colgroup>\n<col width=\"141\" \/>\n<col width=\"139\" \/><\/colgroup>\n<tbody>\n<tr>\n<td colspan=\"2\" rowspan=\"1\" data-sheets-value=\"{&quot;1&quot;:2,&quot;2&quot;:&quot;M\u00e9rett\u00e1bl\u00e1zat&quot;}\"><a href=\"https:\/\/e30store.net\/wp-content\/uploads\/2023\/11\/balkan_polo_meret.png\"><img decoding=\"async\" class=\"alignnone size-full wp-image-21499\" src=\"https:\/\/e30store.net\/wp-content\/uploads\/2023\/11\/balkan_polo_meret.png\" alt=\"\" width=\"150\" height=\"150\" \/><\/a> Size features<\/td>\n<\/tr>\n<tr>\n<td data-sheets-value=\"{&quot;1&quot;:2,&quot;2&quot;:&quot;N\u0151i m\u00e9retek&quot;}\">UNISEX m\u00e9retek (A,B,C)<\/td>\n<td data-sheets-value=\"{&quot;1&quot;:2,&quot;2&quot;:&quot;F\u00e9rfi m\u00e9retek&quot;}\"><\/td>\n<\/tr>\n<tr>\n<td data-sheets-value=\"{&quot;1&quot;:2,&quot;2&quot;:&quot;S&quot;}\">S (71, 55, 22)<\/td>\n<td data-sheets-value=\"{&quot;1&quot;:2,&quot;2&quot;:&quot;S&quot;}\"><\/td>\n<\/tr>\n<tr>\n<td data-sheets-value=\"{&quot;1&quot;:2,&quot;2&quot;:&quot;M&quot;}\">M (73, 58, 22.5)<\/td>\n<td data-sheets-value=\"{&quot;1&quot;:2,&quot;2&quot;:&quot;M&quot;}\"><\/td>\n<\/tr>\n<tr>\n<td data-sheets-value=\"{&quot;1&quot;:2,&quot;2&quot;:&quot;L&quot;}\">L (75, 61, 23)<\/td>\n<td data-sheets-value=\"{&quot;1&quot;:2,&quot;2&quot;:&quot;L&quot;}\"><\/td>\n<\/tr>\n<tr>\n<td data-sheets-value=\"{&quot;1&quot;:2,&quot;2&quot;:&quot;XL&quot;}\">XL (77, 64, 23.5)<\/td>\n<td data-sheets-value=\"{&quot;1&quot;:2,&quot;2&quot;:&quot;XL&quot;}\"><\/td>\n<\/tr>\n<tr>\n<td>2XL (79, 67, 24)<\/td>\n<td data-sheets-value=\"{&quot;1&quot;:2,&quot;2&quot;:&quot;XXL&quot;}\"><\/td>\n<\/tr>\n<tr>\n<td>3XL (81, 70, 24.5)<\/td>\n<td data-sheets-value=\"{&quot;1&quot;:2,&quot;2&quot;:&quot;XXXL&quot;}\"><\/td>\n<\/tr>\n<\/tbody>\n<\/table>\n<p>&nbsp;<\/p>","protected":false},"excerpt":{"rendered":"<p class=\"ai-optimize-32 ai-optimize-introduction\">\u00daj F&#8217;s RS N\u00fcrburgring kollekci\u00f3! Az F&#8217;s term\u00e9keink egyt\u0151l egyig pr\u00e9mium min\u0151s\u00e9get k\u00e9pviselnek!\u00a0 &#8222;What&#8217;s your time?&#8221; &#8211; Neked mi az id\u0151d a Nordschleif\u00e9n? Eur\u00f3pa legh\u00edresebb \u00e9s legnagyobb kultusz\u00fa versenyp\u00e1ly\u00e1ja az RS3-mal egy\u00fctt! Kell enn\u00e9l t\u00f6bb?<\/p>","protected":false},"featured_media":5917,"template":"","meta":{"_monsterinsights_skip_tracking":false,"_monsterinsights_sitenote_active":false,"_monsterinsights_sitenote_note":"","_monsterinsights_sitenote_category":0,"_uf_show_specific_survey":0,"_uf_disable_surveys":false},"product_brand":[],"product_cat":[94],"product_tag":[84,85,95],"class_list":{"0":"post-5872","1":"product","2":"type-product","3":"status-publish","4":"has-post-thumbnail","6":"product_cat-polok","7":"product_tag-bobr","8":"product_tag-kurwa","9":"product_tag-shirt","10":"product_shipping_class-88","12":"first","13":"instock","14":"taxable","15":"shipping-taxable","16":"purchasable","17":"product-type-variable"},"yoast_head":"<!-- This site is optimized with the Yoast SEO Premium plugin v26.8 (Yoast SEO v26.8) - https:\/\/yoast.com\/product\/yoast-seo-premium-wordpress\/ -->\n<title>RS N\u00fcrburgring P\u00f3l\u00f3Premium Oversized Fekete - darkside media<\/title>\n<meta name=\"description\" content=\"\u00daj F&#039;s RS N\u00fcrburgring kollekci\u00f3! Az F&#039;s term\u00e9keink egyt\u0151l egyig pr\u00e9mium min\u0151s\u00e9get k\u00e9pviselnek!\u00a0 &quot;What&#039;s your time?&quot; - Neked mi az id\u0151d a Nordschleif\u00e9n? Eur\u00f3pa legh\u00edresebb \u00e9s legnagyobb kultusz\u00fa versenyp\u00e1ly\u00e1ja az RS3-mal egy\u00fctt! Kell enn\u00e9l t\u00f6bb?\" \/>\n<meta name=\"robots\" content=\"index, follow, max-snippet:-1, max-image-preview:large, max-video-preview:-1\" \/>\n<link rel=\"canonical\" href=\"https:\/\/darksidemedia.hu\/en\/product\/rs-nurburgring-polopremium-oversized-fekete\/\" \/>\n<meta property=\"og:locale\" content=\"en_US\" \/>\n<meta property=\"og:type\" content=\"article\" \/>\n<meta property=\"og:title\" content=\"RS N\u00fcrburgring P\u00f3l\u00f3Premium Oversized Fekete\" \/>\n<meta property=\"og:description\" content=\"\u00daj F&#039;s RS N\u00fcrburgring kollekci\u00f3! Az F&#039;s term\u00e9keink egyt\u0151l egyig pr\u00e9mium min\u0151s\u00e9get k\u00e9pviselnek!\u00a0 &quot;What&#039;s your time?&quot; - Neked mi az id\u0151d a Nordschleif\u00e9n? Eur\u00f3pa legh\u00edresebb \u00e9s legnagyobb kultusz\u00fa versenyp\u00e1ly\u00e1ja az RS3-mal egy\u00fctt! Kell enn\u00e9l t\u00f6bb?\" \/>\n<meta property=\"og:url\" content=\"https:\/\/darksidemedia.hu\/en\/product\/rs-nurburgring-polopremium-oversized-fekete\/\" \/>\n<meta property=\"og:site_name\" content=\"darkside media\" \/>\n<meta property=\"article:modified_time\" content=\"2025-06-29T19:18:50+00:00\" \/>\n<meta property=\"og:image\" content=\"http:\/\/darksidemedia.hu\/wp-content\/uploads\/2025\/06\/FeketePolo_Mockup1-scaled.jpg\" \/>\n\t<meta property=\"og:image:width\" content=\"2560\" \/>\n\t<meta property=\"og:image:height\" content=\"1905\" \/>\n\t<meta property=\"og:image:type\" content=\"image\/jpeg\" \/>\n<meta name=\"twitter:card\" content=\"summary_large_image\" \/>\n<meta name=\"twitter:label1\" content=\"Availability\" \/>\n\t<meta name=\"twitter:data1\" content=\"In stock\" \/>\n<script type=\"application\/ld+json\" class=\"yoast-schema-graph\">{\"@context\":\"https:\/\/schema.org\",\"@graph\":[{\"@type\":\"WebPage\",\"@id\":\"https:\/\/darksidemedia.hu\/product\/rs-nurburgring-polopremium-oversized-fekete\/\",\"url\":\"https:\/\/darksidemedia.hu\/product\/rs-nurburgring-polopremium-oversized-fekete\/\",\"name\":\"RS N\u00fcrburgring P\u00f3l\u00f3 Premium Oversized Fekete - darkside media\",\"isPartOf\":{\"@id\":\"https:\/\/darksidemedia.hu\/#website\"},\"primaryImageOfPage\":{\"@id\":\"https:\/\/darksidemedia.hu\/product\/rs-nurburgring-polopremium-oversized-fekete\/#primaryimage\"},\"image\":{\"@id\":\"https:\/\/darksidemedia.hu\/product\/rs-nurburgring-polopremium-oversized-fekete\/#primaryimage\"},\"thumbnailUrl\":\"https:\/\/darksidemedia.hu\/wp-content\/uploads\/2025\/06\/FeketePolo_Mockup1-scaled.jpg\",\"datePublished\":\"2025-06-18T12:09:43+00:00\",\"dateModified\":\"2025-06-29T19:18:50+00:00\",\"description\":\"\u00daj F's RS N\u00fcrburgring kollekci\u00f3! Az F's term\u00e9keink egyt\u0151l egyig pr\u00e9mium min\u0151s\u00e9get k\u00e9pviselnek!\u00a0 \\\"What's your time?\\\" - Neked mi az id\u0151d a Nordschleif\u00e9n? Eur\u00f3pa legh\u00edresebb \u00e9s legnagyobb kultusz\u00fa versenyp\u00e1ly\u00e1ja az RS3-mal egy\u00fctt! Kell enn\u00e9l t\u00f6bb?\",\"breadcrumb\":{\"@id\":\"https:\/\/darksidemedia.hu\/product\/rs-nurburgring-polopremium-oversized-fekete\/#breadcrumb\"},\"inLanguage\":\"en-US\",\"potentialAction\":[{\"@type\":\"ReadAction\",\"target\":[\"https:\/\/darksidemedia.hu\/product\/rs-nurburgring-polopremium-oversized-fekete\/\"]}]},{\"@type\":\"ImageObject\",\"inLanguage\":\"en-US\",\"@id\":\"https:\/\/darksidemedia.hu\/product\/rs-nurburgring-polopremium-oversized-fekete\/#primaryimage\",\"url\":\"https:\/\/darksidemedia.hu\/wp-content\/uploads\/2025\/06\/FeketePolo_Mockup1-scaled.jpg\",\"contentUrl\":\"https:\/\/darksidemedia.hu\/wp-content\/uploads\/2025\/06\/FeketePolo_Mockup1-scaled.jpg\",\"width\":2560,\"height\":1905},{\"@type\":\"BreadcrumbList\",\"@id\":\"https:\/\/darksidemedia.hu\/product\/rs-nurburgring-polopremium-oversized-fekete\/#breadcrumb\",\"itemListElement\":[{\"@type\":\"ListItem\",\"position\":1,\"name\":\"Kezd\u0151lap\",\"item\":\"https:\/\/darksidemedia.hu\/\"},{\"@type\":\"ListItem\",\"position\":2,\"name\":\"Darkside SHOP\",\"item\":\"https:\/\/darksidemedia.hu\/shop\/\"},{\"@type\":\"ListItem\",\"position\":3,\"name\":\"RS N\u00fcrburgring P\u00f3l\u00f3Premium Oversized Fekete\"}]},{\"@type\":\"WebSite\",\"@id\":\"https:\/\/darksidemedia.hu\/#website\",\"url\":\"https:\/\/darksidemedia.hu\/\",\"name\":\"darkside media\",\"description\":\"Az els\u0151 benyom\u00e1s a legfontosabb...\",\"publisher\":{\"@id\":\"https:\/\/darksidemedia.hu\/#organization\"},\"potentialAction\":[{\"@type\":\"SearchAction\",\"target\":{\"@type\":\"EntryPoint\",\"urlTemplate\":\"https:\/\/darksidemedia.hu\/?s={search_term_string}\"},\"query-input\":{\"@type\":\"PropertyValueSpecification\",\"valueRequired\":true,\"valueName\":\"search_term_string\"}}],\"inLanguage\":\"en-US\"},{\"@type\":\"Organization\",\"@id\":\"https:\/\/darksidemedia.hu\/#organization\",\"name\":\"darkside media\",\"url\":\"https:\/\/darksidemedia.hu\/\",\"logo\":{\"@type\":\"ImageObject\",\"inLanguage\":\"en-US\",\"@id\":\"https:\/\/darksidemedia.hu\/#\/schema\/logo\/image\/\",\"url\":\"https:\/\/darksidemedia.hu\/wp-content\/uploads\/2023\/10\/cropped-dm_logo.png\",\"contentUrl\":\"https:\/\/darksidemedia.hu\/wp-content\/uploads\/2023\/10\/cropped-dm_logo.png\",\"width\":512,\"height\":512,\"caption\":\"darkside media\"},\"image\":{\"@id\":\"https:\/\/darksidemedia.hu\/#\/schema\/logo\/image\/\"}}]}<\/script>\n<meta property=\"og:availability\" content=\"instock\" \/>\n<meta property=\"product:availability\" content=\"instock\" \/>\n<meta property=\"product:retailer_item_id\" content=\"WYT-BLACK\" \/>\n<meta property=\"product:condition\" content=\"new\" \/>\n<!-- \/ Yoast SEO Premium plugin. -->","yoast_head_json":{"title":"RS N\u00fcrburgring P\u00f3l\u00f3Premium Oversized Fekete - darkside media","description":"\u00daj F's RS N\u00fcrburgring kollekci\u00f3! Az F's term\u00e9keink egyt\u0151l egyig pr\u00e9mium min\u0151s\u00e9get k\u00e9pviselnek!\u00a0 \"What's your time?\" - Neked mi az id\u0151d a Nordschleif\u00e9n? Eur\u00f3pa legh\u00edresebb \u00e9s legnagyobb kultusz\u00fa versenyp\u00e1ly\u00e1ja az RS3-mal egy\u00fctt! Kell enn\u00e9l t\u00f6bb?","robots":{"index":"index","follow":"follow","max-snippet":"max-snippet:-1","max-image-preview":"max-image-preview:large","max-video-preview":"max-video-preview:-1"},"canonical":"https:\/\/darksidemedia.hu\/en\/product\/rs-nurburgring-polopremium-oversized-fekete\/","og_locale":"en_US","og_type":"article","og_title":"RS N\u00fcrburgring P\u00f3l\u00f3Premium Oversized Fekete","og_description":"\u00daj F's RS N\u00fcrburgring kollekci\u00f3! Az F's term\u00e9keink egyt\u0151l egyig pr\u00e9mium min\u0151s\u00e9get k\u00e9pviselnek!\u00a0 \"What's your time?\" - Neked mi az id\u0151d a Nordschleif\u00e9n? Eur\u00f3pa legh\u00edresebb \u00e9s legnagyobb kultusz\u00fa versenyp\u00e1ly\u00e1ja az RS3-mal egy\u00fctt! Kell enn\u00e9l t\u00f6bb?","og_url":"https:\/\/darksidemedia.hu\/en\/product\/rs-nurburgring-polopremium-oversized-fekete\/","og_site_name":"darkside media","article_modified_time":"2025-06-29T19:18:50+00:00","og_image":[{"width":2560,"height":1905,"url":"http:\/\/darksidemedia.hu\/wp-content\/uploads\/2025\/06\/FeketePolo_Mockup1-scaled.jpg","type":"image\/jpeg"}],"twitter_card":"summary_large_image","twitter_misc":{"Availability":"In stock"},"schema":{"@context":"https:\/\/schema.org","@graph":[{"@type":"WebPage","@id":"https:\/\/darksidemedia.hu\/product\/rs-nurburgring-polopremium-oversized-fekete\/","url":"https:\/\/darksidemedia.hu\/product\/rs-nurburgring-polopremium-oversized-fekete\/","name":"RS N\u00fcrburgring P\u00f3l\u00f3 Premium Oversized Fekete - darkside media","isPartOf":{"@id":"https:\/\/darksidemedia.hu\/#website"},"primaryImageOfPage":{"@id":"https:\/\/darksidemedia.hu\/product\/rs-nurburgring-polopremium-oversized-fekete\/#primaryimage"},"image":{"@id":"https:\/\/darksidemedia.hu\/product\/rs-nurburgring-polopremium-oversized-fekete\/#primaryimage"},"thumbnailUrl":"https:\/\/darksidemedia.hu\/wp-content\/uploads\/2025\/06\/FeketePolo_Mockup1-scaled.jpg","datePublished":"2025-06-18T12:09:43+00:00","dateModified":"2025-06-29T19:18:50+00:00","description":"\u00daj F's RS N\u00fcrburgring kollekci\u00f3! Az F's term\u00e9keink egyt\u0151l egyig pr\u00e9mium min\u0151s\u00e9get k\u00e9pviselnek!\u00a0 \"What's your time?\" - Neked mi az id\u0151d a Nordschleif\u00e9n? Eur\u00f3pa legh\u00edresebb \u00e9s legnagyobb kultusz\u00fa versenyp\u00e1ly\u00e1ja az RS3-mal egy\u00fctt! Kell enn\u00e9l t\u00f6bb?","breadcrumb":{"@id":"https:\/\/darksidemedia.hu\/product\/rs-nurburgring-polopremium-oversized-fekete\/#breadcrumb"},"inLanguage":"en-US","potentialAction":[{"@type":"ReadAction","target":["https:\/\/darksidemedia.hu\/product\/rs-nurburgring-polopremium-oversized-fekete\/"]}]},{"@type":"ImageObject","inLanguage":"en-US","@id":"https:\/\/darksidemedia.hu\/product\/rs-nurburgring-polopremium-oversized-fekete\/#primaryimage","url":"https:\/\/darksidemedia.hu\/wp-content\/uploads\/2025\/06\/FeketePolo_Mockup1-scaled.jpg","contentUrl":"https:\/\/darksidemedia.hu\/wp-content\/uploads\/2025\/06\/FeketePolo_Mockup1-scaled.jpg","width":2560,"height":1905},{"@type":"BreadcrumbList","@id":"https:\/\/darksidemedia.hu\/product\/rs-nurburgring-polopremium-oversized-fekete\/#breadcrumb","itemListElement":[{"@type":"ListItem","position":1,"name":"Kezd\u0151lap","item":"https:\/\/darksidemedia.hu\/"},{"@type":"ListItem","position":2,"name":"Darkside SHOP","item":"https:\/\/darksidemedia.hu\/shop\/"},{"@type":"ListItem","position":3,"name":"RS N\u00fcrburgring P\u00f3l\u00f3Premium Oversized Fekete"}]},{"@type":"WebSite","@id":"https:\/\/darksidemedia.hu\/#website","url":"https:\/\/darksidemedia.hu\/","name":"darkside media","description":"First impression is the most important...","publisher":{"@id":"https:\/\/darksidemedia.hu\/#organization"},"potentialAction":[{"@type":"SearchAction","target":{"@type":"EntryPoint","urlTemplate":"https:\/\/darksidemedia.hu\/?s={search_term_string}"},"query-input":{"@type":"PropertyValueSpecification","valueRequired":true,"valueName":"search_term_string"}}],"inLanguage":"en-US"},{"@type":"Organization","@id":"https:\/\/darksidemedia.hu\/#organization","name":"darkside media","url":"https:\/\/darksidemedia.hu\/","logo":{"@type":"ImageObject","inLanguage":"en-US","@id":"https:\/\/darksidemedia.hu\/#\/schema\/logo\/image\/","url":"https:\/\/darksidemedia.hu\/wp-content\/uploads\/2023\/10\/cropped-dm_logo.png","contentUrl":"https:\/\/darksidemedia.hu\/wp-content\/uploads\/2023\/10\/cropped-dm_logo.png","width":512,"height":512,"caption":"darkside media"},"image":{"@id":"https:\/\/darksidemedia.hu\/#\/schema\/logo\/image\/"}}]},"og_availability":"instock","product_availability":"instock","product_retailer_item_id":"WYT-BLACK","product_condition":"new"},"jetpack_sharing_enabled":true,"_links":{"self":[{"href":"https:\/\/darksidemedia.hu\/en\/wp-json\/wp\/v2\/product\/5872","targetHints":{"allow":["GET"]}}],"collection":[{"href":"https:\/\/darksidemedia.hu\/en\/wp-json\/wp\/v2\/product"}],"about":[{"href":"https:\/\/darksidemedia.hu\/en\/wp-json\/wp\/v2\/types\/product"}],"wp:featuredmedia":[{"embeddable":true,"href":"https:\/\/darksidemedia.hu\/en\/wp-json\/wp\/v2\/media\/5917"}],"wp:attachment":[{"href":"https:\/\/darksidemedia.hu\/en\/wp-json\/wp\/v2\/media?parent=5872"}],"wp:term":[{"taxonomy":"product_brand","embeddable":true,"href":"https:\/\/darksidemedia.hu\/en\/wp-json\/wp\/v2\/product_brand?post=5872"},{"taxonomy":"product_cat","embeddable":true,"href":"https:\/\/darksidemedia.hu\/en\/wp-json\/wp\/v2\/product_cat?post=5872"},{"taxonomy":"product_tag","embeddable":true,"href":"https:\/\/darksidemedia.hu\/en\/wp-json\/wp\/v2\/product_tag?post=5872"}],"curies":[{"name":"wp","href":"https:\/\/api.w.org\/{rel}","templated":true}]}}